{"id":190,"date":"2025-12-01T11:35:04","date_gmt":"2025-12-01T10:35:04","guid":{"rendered":"https:\/\/franceroutes.fr\/boutique\/?post_type=product&#038;p=190"},"modified":"2026-03-17T10:38:00","modified_gmt":"2026-03-17T09:38:00","slug":"france-routes-magazine","status":"publish","type":"product","link":"https:\/\/franceroutes.fr\/boutique\/produit\/abonnements\/france-routes-magazine\/","title":{"rendered":"France Routes Magazine"},"content":{"rendered":"<p>Toujours \u00e0 la pointe de l&rsquo;actualit\u00e9 avec ses journalistes qui \u00e9cument les routes du monde entier, traquent l\u2019info chez les constructeurs et les \u00e9quipementiers, testent, comparent les camions, hantent les circuits de courses de camions, font parler les anciens et n&rsquo;oublient pas le quotidien et les droits des routiers&#8230;<\/p>\n<p>France Routes partage les m\u00eames passions que tous les amoureux du camion et de la route\u2026<\/p>\n<p><strong>LA PASSION CAMION<\/strong><\/p>\n<p>Toute l&rsquo;actualit\u00e9 du monde de la route:<\/p>\n<ul>\n<li>Les derni\u00e8res nouveaut\u00e9s et am\u00e9liorations\u00a0techniques des constructeurs et leurs nouvelles orientations&#8230;<\/li>\n<li>Les essais et les prises en mains: tests, comparaisons, analyses techniques et qualitatives sur des camions de plus de 5 T<\/li>\n<li>Carrosserie-R\u00e9tro, une bonne dose de recherches et des r\u00e9sultats \u00e9tonnants avec des photos in\u00e9dites, des commentaires techniques pointus et un brin de nostalgie<\/li>\n<\/ul>\n<p>&#8230;\/&#8230;<\/p>\n<p><strong>LA PASSION METIER<\/strong><\/p>\n<p>On peut travailler et avoir pour m\u00e9tier sa passion! FranceRoutes le prouve par de remarquables reportages par exemple:<\/p>\n<ul>\n<li>Sp\u00e9cialiste : Rencontre avec un routier \u00ab\u00a0sp\u00e9cialiste\u00a0\u00bb au quotidien peu banal: une histoire de famille ou de passion au d\u00e9part, une vie quotidienne tr\u00e9pidante, des\u00a0exp\u00e9riences enrichissantes&#8230;<\/li>\n<li>Portrait: Le portait d&rsquo;un routier ou de toute une famille de routiers qui nous d\u00e9voile une passion de m\u00e9tier qu&rsquo;on ne trouve pas ailleurs&#8230;<\/li>\n<\/ul>\n<p>&#8230;\/&#8230;<\/p>\n<p><strong>LE REVE<\/strong><\/p>\n<ul>\n<li>Les salons: des comptes rendus de salons du monde entier qui vous font r\u00eaver sur les nouvelles tendances des constructeurs, les carrosseries industrielles, les\u00a0fabricants de remorques&#8230;<\/li>\n<li>Les Show truck: reportages sur des r\u00eaves r\u00e9alis\u00e9s en France ou \u00e0 l&rsquo;autre bout du monde, des camions d\u00e9cor\u00e9s, de la d\u00e9mesure et aussi beaucoup d&rsquo;\u00e9motion&#8230;<\/li>\n<li>American dream: le r\u00eave am\u00e9ricain vu au travers des hommes et de leur camion, avec un style de personnalisation qui leur est propre.<\/li>\n<li>Les comp\u00e9titions: Toute l&rsquo;actualit\u00e9 des courses de camions en France et \u00e0 l&rsquo;\u00e9tranger avec les comptes rendus des championnats de France, d&rsquo;Europe&#8230;, des Race Truck, des camions cross et un petit plus pour le mythique 24 H Camions Le Mans!<\/li>\n<li>L&rsquo;\u00e9vasion: D\u00e9couvrez encore plus de pays mais aux c\u00f4t\u00e9s d&rsquo;un routier de l&rsquo;autre bout de la terre! une vie et un m\u00e9tier\u00a0bien diff\u00e9rents mais une passion\u00a0commune\u00a0celle du camion<\/li>\n<\/ul>\n<p>Mais FranceRoutes c&rsquo;est aussi<\/p>\n<ul>\n<li>Des rubriques pratiques avec\u00a0les bar\u00eames, vos droits, l&rsquo;annuaire des artisans, les petites annonces<\/li>\n<li>Les histoires dr\u00f4les de FranceRoutes envoy\u00e9es par ses lecteurs,<\/li>\n<li>Les messages de routiers souvent agr\u00e9ment\u00e9s de photos et destin\u00e9s\u00a0\u00e0 un proche, un ami routier et qui entretiennent les liens et l&rsquo;esprit de la grande famille de\u00a0FranceRoutes.<\/li>\n<\/ul>\n","protected":false},"excerpt":{"rendered":"<p><strong>France Routes\u00a0 Papier 1an\u00a0:<\/strong><\/p>\n<p><strong>8 num\u00e9ros du magazine France Routes version papier\u00a0<\/strong>\u00a0\u00a0\u00a0\u00a0 \u00a0 \u00a0 \u00a0 \u00a0 \u00a0 \u00a0 \u00a0 \u00a0 \u00a0 \u00a0 \u00a0 \u00a0 \u00a0 \u00a0 \u00a0 \u00a0 \u00a0 \u00a0 \u00a0 \u00a0 \u00a0 \u00a0 \u00a0 \u00a0<em>\u00a0<\/em><\/p>\n<p>Tarif DOM-TOM: 60\u20ac<\/p>\n","protected":false},"featured_media":484,"template":"","meta":[],"product_brand":[],"product_cat":[17],"product_tag":[],"class_list":{"0":"post-190","1":"product","2":"type-product","3":"status-publish","4":"has-post-thumbnail","6":"product_cat-abonnements","7":"product_shipping_class-abonnement","9":"first","10":"instock","11":"shipping-taxable","12":"purchasable","13":"product-type-simple"},"yoast_head":"<!-- This site is optimized with the Yoast SEO plugin v27.4 - https:\/\/yoast.com\/product\/yoast-seo-wordpress\/ -->\n<title>France Routes Magazine - Boutique France Routes<\/title>\n<meta name=\"robots\" content=\"index, follow, max-snippet:-1, max-image-preview:large, max-video-preview:-1\" \/>\n<link rel=\"canonical\" href=\"https:\/\/franceroutes.fr\/boutique\/produit\/abonnements\/france-routes-magazine\/\" \/>\n<meta property=\"og:locale\" content=\"fr_FR\" \/>\n<meta property=\"og:type\" content=\"article\" \/>\n<meta property=\"og:title\" content=\"France Routes Magazine - Boutique France Routes\" \/>\n<meta property=\"og:description\" content=\"France Routes\u00a0 Papier 1an\u00a0:  8 num\u00e9ros du magazine France Routes version papier\u00a0\u00a0\u00a0\u00a0\u00a0 \u00a0 \u00a0 \u00a0 \u00a0 \u00a0 \u00a0 \u00a0 \u00a0 \u00a0 \u00a0 \u00a0 \u00a0 \u00a0 \u00a0 \u00a0 \u00a0 \u00a0 \u00a0 \u00a0 \u00a0 \u00a0 \u00a0 \u00a0 \u00a0\u00a0  Tarif DOM-TOM: 60\u20ac\" \/>\n<meta property=\"og:url\" content=\"https:\/\/franceroutes.fr\/boutique\/produit\/abonnements\/france-routes-magazine\/\" \/>\n<meta property=\"og:site_name\" content=\"Boutique France Routes\" \/>\n<meta property=\"article:modified_time\" content=\"2026-03-17T09:38:00+00:00\" \/>\n<meta property=\"og:image\" content=\"https:\/\/franceroutes.fr\/boutique\/wp-content\/uploads\/2025\/12\/vignettes-400600-8-2.png\" \/>\n\t<meta property=\"og:image:width\" content=\"300\" \/>\n\t<meta property=\"og:image:height\" content=\"450\" \/>\n\t<meta property=\"og:image:type\" content=\"image\/png\" \/>\n<meta name=\"twitter:card\" content=\"summary_large_image\" \/>\n<meta name=\"twitter:label1\" content=\"Dur\u00e9e de lecture estim\u00e9e\" \/>\n\t<meta name=\"twitter:data1\" content=\"3 minutes\" \/>\n<script type=\"application\/ld+json\" class=\"yoast-schema-graph\">{\"@context\":\"https:\\\/\\\/schema.org\",\"@graph\":[{\"@type\":\"WebPage\",\"@id\":\"https:\\\/\\\/franceroutes.fr\\\/boutique\\\/produit\\\/abonnements\\\/france-routes-magazine\\\/\",\"url\":\"https:\\\/\\\/franceroutes.fr\\\/boutique\\\/produit\\\/abonnements\\\/france-routes-magazine\\\/\",\"name\":\"France Routes Magazine - Boutique France Routes\",\"isPartOf\":{\"@id\":\"https:\\\/\\\/franceroutes.fr\\\/boutique\\\/#website\"},\"primaryImageOfPage\":{\"@id\":\"https:\\\/\\\/franceroutes.fr\\\/boutique\\\/produit\\\/abonnements\\\/france-routes-magazine\\\/#primaryimage\"},\"image\":{\"@id\":\"https:\\\/\\\/franceroutes.fr\\\/boutique\\\/produit\\\/abonnements\\\/france-routes-magazine\\\/#primaryimage\"},\"thumbnailUrl\":\"https:\\\/\\\/franceroutes.fr\\\/boutique\\\/wp-content\\\/uploads\\\/2025\\\/12\\\/vignettes-400600-8-2.png\",\"datePublished\":\"2025-12-01T10:35:04+00:00\",\"dateModified\":\"2026-03-17T09:38:00+00:00\",\"breadcrumb\":{\"@id\":\"https:\\\/\\\/franceroutes.fr\\\/boutique\\\/produit\\\/abonnements\\\/france-routes-magazine\\\/#breadcrumb\"},\"inLanguage\":\"fr-FR\",\"potentialAction\":[{\"@type\":\"ReadAction\",\"target\":[\"https:\\\/\\\/franceroutes.fr\\\/boutique\\\/produit\\\/abonnements\\\/france-routes-magazine\\\/\"]}]},{\"@type\":\"ImageObject\",\"inLanguage\":\"fr-FR\",\"@id\":\"https:\\\/\\\/franceroutes.fr\\\/boutique\\\/produit\\\/abonnements\\\/france-routes-magazine\\\/#primaryimage\",\"url\":\"https:\\\/\\\/franceroutes.fr\\\/boutique\\\/wp-content\\\/uploads\\\/2025\\\/12\\\/vignettes-400600-8-2.png\",\"contentUrl\":\"https:\\\/\\\/franceroutes.fr\\\/boutique\\\/wp-content\\\/uploads\\\/2025\\\/12\\\/vignettes-400600-8-2.png\",\"width\":300,\"height\":450,\"caption\":\"Abonnement papier France Routes\"},{\"@type\":\"BreadcrumbList\",\"@id\":\"https:\\\/\\\/franceroutes.fr\\\/boutique\\\/produit\\\/abonnements\\\/france-routes-magazine\\\/#breadcrumb\",\"itemListElement\":[{\"@type\":\"ListItem\",\"position\":1,\"name\":\"Accueil\",\"item\":\"https:\\\/\\\/franceroutes.fr\\\/boutique\\\/\"},{\"@type\":\"ListItem\",\"position\":2,\"name\":\"France Routes Magazine\"}]},{\"@type\":\"WebSite\",\"@id\":\"https:\\\/\\\/franceroutes.fr\\\/boutique\\\/#website\",\"url\":\"https:\\\/\\\/franceroutes.fr\\\/boutique\\\/\",\"name\":\"Boutique France Routes\",\"description\":\"\",\"publisher\":{\"@id\":\"https:\\\/\\\/franceroutes.fr\\\/boutique\\\/#organization\"},\"potentialAction\":[{\"@type\":\"SearchAction\",\"target\":{\"@type\":\"EntryPoint\",\"urlTemplate\":\"https:\\\/\\\/franceroutes.fr\\\/boutique\\\/?s={search_term_string}\"},\"query-input\":{\"@type\":\"PropertyValueSpecification\",\"valueRequired\":true,\"valueName\":\"search_term_string\"}}],\"inLanguage\":\"fr-FR\"},{\"@type\":\"Organization\",\"@id\":\"https:\\\/\\\/franceroutes.fr\\\/boutique\\\/#organization\",\"name\":\"Boutique France Routes\",\"url\":\"https:\\\/\\\/franceroutes.fr\\\/boutique\\\/\",\"logo\":{\"@type\":\"ImageObject\",\"inLanguage\":\"fr-FR\",\"@id\":\"https:\\\/\\\/franceroutes.fr\\\/boutique\\\/#\\\/schema\\\/logo\\\/image\\\/\",\"url\":\"https:\\\/\\\/franceroutes.fr\\\/boutique\\\/wp-content\\\/uploads\\\/2025\\\/11\\\/logo-franceroutes.png\",\"contentUrl\":\"https:\\\/\\\/franceroutes.fr\\\/boutique\\\/wp-content\\\/uploads\\\/2025\\\/11\\\/logo-franceroutes.png\",\"width\":1032,\"height\":303,\"caption\":\"Boutique France Routes\"},\"image\":{\"@id\":\"https:\\\/\\\/franceroutes.fr\\\/boutique\\\/#\\\/schema\\\/logo\\\/image\\\/\"}}]}<\/script>\n<!-- \/ Yoast SEO plugin. -->","yoast_head_json":{"title":"France Routes Magazine - Boutique France Routes","robots":{"index":"index","follow":"follow","max-snippet":"max-snippet:-1","max-image-preview":"max-image-preview:large","max-video-preview":"max-video-preview:-1"},"canonical":"https:\/\/franceroutes.fr\/boutique\/produit\/abonnements\/france-routes-magazine\/","og_locale":"fr_FR","og_type":"article","og_title":"France Routes Magazine - Boutique France Routes","og_description":"France Routes\u00a0 Papier 1an\u00a0:  8 num\u00e9ros du magazine France Routes version papier\u00a0\u00a0\u00a0\u00a0\u00a0 \u00a0 \u00a0 \u00a0 \u00a0 \u00a0 \u00a0 \u00a0 \u00a0 \u00a0 \u00a0 \u00a0 \u00a0 \u00a0 \u00a0 \u00a0 \u00a0 \u00a0 \u00a0 \u00a0 \u00a0 \u00a0 \u00a0 \u00a0 \u00a0\u00a0  Tarif DOM-TOM: 60\u20ac","og_url":"https:\/\/franceroutes.fr\/boutique\/produit\/abonnements\/france-routes-magazine\/","og_site_name":"Boutique France Routes","article_modified_time":"2026-03-17T09:38:00+00:00","og_image":[{"width":300,"height":450,"url":"https:\/\/franceroutes.fr\/boutique\/wp-content\/uploads\/2025\/12\/vignettes-400600-8-2.png","type":"image\/png"}],"twitter_card":"summary_large_image","twitter_misc":{"Dur\u00e9e de lecture estim\u00e9e":"3 minutes"},"schema":{"@context":"https:\/\/schema.org","@graph":[{"@type":"WebPage","@id":"https:\/\/franceroutes.fr\/boutique\/produit\/abonnements\/france-routes-magazine\/","url":"https:\/\/franceroutes.fr\/boutique\/produit\/abonnements\/france-routes-magazine\/","name":"France Routes Magazine - Boutique France Routes","isPartOf":{"@id":"https:\/\/franceroutes.fr\/boutique\/#website"},"primaryImageOfPage":{"@id":"https:\/\/franceroutes.fr\/boutique\/produit\/abonnements\/france-routes-magazine\/#primaryimage"},"image":{"@id":"https:\/\/franceroutes.fr\/boutique\/produit\/abonnements\/france-routes-magazine\/#primaryimage"},"thumbnailUrl":"https:\/\/franceroutes.fr\/boutique\/wp-content\/uploads\/2025\/12\/vignettes-400600-8-2.png","datePublished":"2025-12-01T10:35:04+00:00","dateModified":"2026-03-17T09:38:00+00:00","breadcrumb":{"@id":"https:\/\/franceroutes.fr\/boutique\/produit\/abonnements\/france-routes-magazine\/#breadcrumb"},"inLanguage":"fr-FR","potentialAction":[{"@type":"ReadAction","target":["https:\/\/franceroutes.fr\/boutique\/produit\/abonnements\/france-routes-magazine\/"]}]},{"@type":"ImageObject","inLanguage":"fr-FR","@id":"https:\/\/franceroutes.fr\/boutique\/produit\/abonnements\/france-routes-magazine\/#primaryimage","url":"https:\/\/franceroutes.fr\/boutique\/wp-content\/uploads\/2025\/12\/vignettes-400600-8-2.png","contentUrl":"https:\/\/franceroutes.fr\/boutique\/wp-content\/uploads\/2025\/12\/vignettes-400600-8-2.png","width":300,"height":450,"caption":"Abonnement papier France Routes"},{"@type":"BreadcrumbList","@id":"https:\/\/franceroutes.fr\/boutique\/produit\/abonnements\/france-routes-magazine\/#breadcrumb","itemListElement":[{"@type":"ListItem","position":1,"name":"Accueil","item":"https:\/\/franceroutes.fr\/boutique\/"},{"@type":"ListItem","position":2,"name":"France Routes Magazine"}]},{"@type":"WebSite","@id":"https:\/\/franceroutes.fr\/boutique\/#website","url":"https:\/\/franceroutes.fr\/boutique\/","name":"Boutique France Routes","description":"","publisher":{"@id":"https:\/\/franceroutes.fr\/boutique\/#organization"},"potentialAction":[{"@type":"SearchAction","target":{"@type":"EntryPoint","urlTemplate":"https:\/\/franceroutes.fr\/boutique\/?s={search_term_string}"},"query-input":{"@type":"PropertyValueSpecification","valueRequired":true,"valueName":"search_term_string"}}],"inLanguage":"fr-FR"},{"@type":"Organization","@id":"https:\/\/franceroutes.fr\/boutique\/#organization","name":"Boutique France Routes","url":"https:\/\/franceroutes.fr\/boutique\/","logo":{"@type":"ImageObject","inLanguage":"fr-FR","@id":"https:\/\/franceroutes.fr\/boutique\/#\/schema\/logo\/image\/","url":"https:\/\/franceroutes.fr\/boutique\/wp-content\/uploads\/2025\/11\/logo-franceroutes.png","contentUrl":"https:\/\/franceroutes.fr\/boutique\/wp-content\/uploads\/2025\/11\/logo-franceroutes.png","width":1032,"height":303,"caption":"Boutique France Routes"},"image":{"@id":"https:\/\/franceroutes.fr\/boutique\/#\/schema\/logo\/image\/"}}]}},"_links":{"self":[{"href":"https:\/\/franceroutes.fr\/boutique\/wp-json\/wp\/v2\/product\/190","targetHints":{"allow":["GET"]}}],"collection":[{"href":"https:\/\/franceroutes.fr\/boutique\/wp-json\/wp\/v2\/product"}],"about":[{"href":"https:\/\/franceroutes.fr\/boutique\/wp-json\/wp\/v2\/types\/product"}],"wp:featuredmedia":[{"embeddable":true,"href":"https:\/\/franceroutes.fr\/boutique\/wp-json\/wp\/v2\/media\/484"}],"wp:attachment":[{"href":"https:\/\/franceroutes.fr\/boutique\/wp-json\/wp\/v2\/media?parent=190"}],"wp:term":[{"taxonomy":"product_brand","embeddable":true,"href":"https:\/\/franceroutes.fr\/boutique\/wp-json\/wp\/v2\/product_brand?post=190"},{"taxonomy":"product_cat","embeddable":true,"href":"https:\/\/franceroutes.fr\/boutique\/wp-json\/wp\/v2\/product_cat?post=190"},{"taxonomy":"product_tag","embeddable":true,"href":"https:\/\/franceroutes.fr\/boutique\/wp-json\/wp\/v2\/product_tag?post=190"}],"curies":[{"name":"wp","href":"https:\/\/api.w.org\/{rel}","templated":true}]}}