{"id":222,"date":"2025-12-01T14:22:37","date_gmt":"2025-12-01T13:22:37","guid":{"rendered":"https:\/\/franceroutes.fr\/boutique\/?post_type=product&#038;p=222"},"modified":"2025-12-01T14:22:37","modified_gmt":"2025-12-01T13:22:37","slug":"hors-serie-france-routes-n121-tuning-scania","status":"publish","type":"product","link":"https:\/\/franceroutes.fr\/boutique\/produit\/hors-series\/hors-serie-france-routes-n121-tuning-scania\/","title":{"rendered":"Hors-S\u00e9rie France Routes n\u00b0121 :  TUNING SCANIA"},"content":{"rendered":"<p>Sommaire:<\/p>\n<p><strong>TUNING SCANIA<\/strong><\/p>\n<p><strong>Les l\u00e9gendes ne meurent jamais :\u00a0<\/strong>Scania R500 &#8211; Kevin Rivi\u00e8re<\/p>\n<p><strong>Grand plateau :\u00a0<\/strong>Scania 164 &#8211; Kris Wilmsen<\/p>\n<p><strong>T \u00e0 rallonge :\u00a0<\/strong>Scania T580 Highline &#8211; Brian Don Bauer<\/p>\n<p><strong>Trio de gala :\u00a0<\/strong>Scania S500, R500 et S580 &#8211; Nicolas Ober<\/p>\n<p><strong>Pr\u00e9paration au f\u00e9minin :\u00a0<\/strong>Scania R620 &#8211; Olivia Hel\u00e9n<\/p>\n<p><strong>Ind\u00e9pendance d&rsquo;esprit :\u00a0<\/strong>Scania T143 &#8211; Sebastian Canadas<\/p>\n<p><strong>L&rsquo;histoire en marche :\u00a0<\/strong>Scania S650 &#8211; Charlie Doyle<\/p>\n<p><strong>Coup de sang :\u00a0<\/strong>Scania 143 &#8211; Sylv\u00e8re Van den Bulcke<\/p>\n<p><strong>For\u00eat noire :\u00a0<\/strong>Scania S650 &#8211; Woodtrans<\/p>\n<p><strong>Fleurs de bitume :\u00a0<\/strong>Deux Scania 143 &#8211; Peter Van de Werken<\/p>\n<p><strong>Jack in the box :\u00a0<\/strong>Scania R580 &#8211; Dirk Limpert<\/p>\n<p><strong>Caramel Danois :<\/strong>\u00a0Scania R500 &#8211; PO Nielsen<\/p>\n<p><strong>En toute simplicit\u00e9 :\u00a0<\/strong>Scania 143 &#8211; Xavier Boeuf<\/p>\n<p><strong>D&rsquo;un T \u00e0 l&rsquo;autre :\u00a0<\/strong>Scania T580 &#8211; Axel Ravasso<\/p>\n<p><strong>Contraste \u00e0 la danoise :<\/strong>\u00a0Scania R650 &#8211; Jorgen Nielsen<\/p>\n<p><strong>Ligne racing :\u00a0<\/strong>Scania S650 &#8211; Fr\u00e9d\u00e9rick Druelle<\/p>\n<p><strong>Sultan of rings<\/strong>\u00a0<strong>:<\/strong>\u00a0Scania S580 &#8211; Antoine Hervouin<\/p>\n<p><strong>Ma\u00eetres \u00e0 penser :\u00a0<\/strong>Scania R650 &#8211; Mika Auvinen<\/p>\n<p><strong>Un coup d&rsquo;avance :<\/strong>\u00a0Scania S580 &#8211; Kevin TARDIF<\/p>\n<p><strong>M\u00e9lange des genres :<\/strong>\u00a0Scania 143M &#8211; Cees Vuik<\/p>\n<p><strong>Pr\u00e9pa \u00e0 tous les \u00e9tages :<\/strong>\u00a0Scania R620 &#8211; Mattias Friberg<\/p>\n<p><strong>Doubler la mise :<\/strong>\u00a0Scania R1200 &#8211; Nasos Petropoulos<\/p>\n<p><strong>V comme &#8230;:<\/strong>\u00a0Scania S650T &#8211; Danny Vallem<\/p>\n<p><strong>Force de l&rsquo;ordre :\u00a0<\/strong>Scania 164 &#8211; Jos\u00e9 Serpico<\/p>\n<p><strong>Du petit &#8211; lait &#8230; :\u00a0<\/strong>Scania R660 &#8211; Johan Nordqvist<\/p>\n<p><strong>Old timer :\u00a0<\/strong>Scania143M &#8211; Martin Wahl<\/p>\n<p>Et&#8230;<\/p>\n<p><strong>L&rsquo;annuaire des artisans :\u00a0<\/strong>Guide des bonnes adresses<\/p>\n","protected":false},"excerpt":{"rendered":"<p>HS FRANCEROUTES N\u00b0 121- D\u00e9cembre 2021 &#8211; 84 pages<\/p>\n<p>L&rsquo;Europe des camions tuning SCANIA nouvelle g\u00e9n\u00e9ration mais aussi n\u00e9o-r\u00e9tro et vintage.<\/p>\n<p><strong>Des photos superbes<\/strong>\u00a0&#8211;\u00a0 rapport\u00e9es par notre reporter Xavier St\u00e9faniak &#8211;\u00a0 qui immortalisent les camions les plus repr\u00e9sentatifs de la tendance tuning Scania!<\/p>\n<p>Un hors-s\u00e9rie sublime:<\/p>\n<p><strong>26 camions Scania customis\u00e9s avec passion:<\/strong><\/p>\n<ul>\n<li>les derni\u00e8res tendances<\/li>\n<li>les plus grands pr\u00e9parateurs<\/li>\n<li>les plus\u00a0grands peintres de renom<\/li>\n<\/ul>\n<p><strong>Des artistes qui oeuvrent sur des carrosseries majestueuses de v\u00e9hicules d&rsquo;exception, dans 10 pays d&rsquo;Europe<\/strong>\u00a0dont l&rsquo;Angleterre, les Pays-Bas, le Danemark, la Su\u00e8de, l&rsquo;Espagne, la Finlande, l&rsquo;Allemagne, la Gr\u00e8ce, la Belgique et la France qui tient une tr\u00e8s bonne place dans cet exercice!<\/p>\n","protected":false},"featured_media":223,"template":"","meta":[],"product_brand":[],"product_cat":[19],"product_tag":[],"class_list":{"0":"post-222","1":"product","2":"type-product","3":"status-publish","4":"has-post-thumbnail","6":"product_cat-hors-series","8":"first","9":"instock","10":"shipping-taxable","11":"purchasable","12":"product-type-simple"},"yoast_head":"<!-- This site is optimized with the Yoast SEO plugin v27.4 - https:\/\/yoast.com\/product\/yoast-seo-wordpress\/ -->\n<title>Hors-S\u00e9rie France Routes n\u00b0121 : TUNING SCANIA - Boutique France Routes<\/title>\n<meta name=\"robots\" content=\"index, follow, max-snippet:-1, max-image-preview:large, max-video-preview:-1\" \/>\n<link rel=\"canonical\" href=\"https:\/\/franceroutes.fr\/boutique\/produit\/hors-series\/hors-serie-france-routes-n121-tuning-scania\/\" \/>\n<meta property=\"og:locale\" content=\"fr_FR\" \/>\n<meta property=\"og:type\" content=\"article\" \/>\n<meta property=\"og:title\" content=\"Hors-S\u00e9rie France Routes n\u00b0121 : TUNING SCANIA - Boutique France Routes\" \/>\n<meta property=\"og:description\" content=\"HS FRANCEROUTES N\u00b0 121- D\u00e9cembre 2021 - 84 pages  L&#039;Europe des camions tuning SCANIA nouvelle g\u00e9n\u00e9ration mais aussi n\u00e9o-r\u00e9tro et vintage.  Des photos superbes\u00a0-\u00a0 rapport\u00e9es par notre reporter Xavier St\u00e9faniak -\u00a0 qui immortalisent les camions les plus repr\u00e9sentatifs de la tendance tuning Scania!  Un hors-s\u00e9rie sublime:  26 camions Scania customis\u00e9s avec passion:   les derni\u00e8res tendances  les plus grands pr\u00e9parateurs  les plus\u00a0grands peintres de renom  Des artistes qui oeuvrent sur des carrosseries majestueuses de v\u00e9hicules d&#039;exception, dans 10 pays d&#039;Europe\u00a0dont l&#039;Angleterre, les Pays-Bas, le Danemark, la Su\u00e8de, l&#039;Espagne, la Finlande, l&#039;Allemagne, la Gr\u00e8ce, la Belgique et la France qui tient une tr\u00e8s bonne place dans cet exercice!\" \/>\n<meta property=\"og:url\" content=\"https:\/\/franceroutes.fr\/boutique\/produit\/hors-series\/hors-serie-france-routes-n121-tuning-scania\/\" \/>\n<meta property=\"og:site_name\" content=\"Boutique France Routes\" \/>\n<meta property=\"og:image\" content=\"https:\/\/franceroutes.fr\/boutique\/wp-content\/uploads\/2025\/12\/fr-hs-121couverture-v2-0.jpg\" \/>\n\t<meta property=\"og:image:width\" content=\"300\" \/>\n\t<meta property=\"og:image:height\" content=\"424\" \/>\n\t<meta property=\"og:image:type\" content=\"image\/jpeg\" \/>\n<meta name=\"twitter:card\" content=\"summary_large_image\" \/>\n<meta name=\"twitter:label1\" content=\"Dur\u00e9e de lecture estim\u00e9e\" \/>\n\t<meta name=\"twitter:data1\" content=\"2 minutes\" \/>\n<script type=\"application\/ld+json\" class=\"yoast-schema-graph\">{\"@context\":\"https:\\\/\\\/schema.org\",\"@graph\":[{\"@type\":\"WebPage\",\"@id\":\"https:\\\/\\\/franceroutes.fr\\\/boutique\\\/produit\\\/hors-series\\\/hors-serie-france-routes-n121-tuning-scania\\\/\",\"url\":\"https:\\\/\\\/franceroutes.fr\\\/boutique\\\/produit\\\/hors-series\\\/hors-serie-france-routes-n121-tuning-scania\\\/\",\"name\":\"Hors-S\u00e9rie France Routes n\u00b0121 : TUNING SCANIA - Boutique France Routes\",\"isPartOf\":{\"@id\":\"https:\\\/\\\/franceroutes.fr\\\/boutique\\\/#website\"},\"primaryImageOfPage\":{\"@id\":\"https:\\\/\\\/franceroutes.fr\\\/boutique\\\/produit\\\/hors-series\\\/hors-serie-france-routes-n121-tuning-scania\\\/#primaryimage\"},\"image\":{\"@id\":\"https:\\\/\\\/franceroutes.fr\\\/boutique\\\/produit\\\/hors-series\\\/hors-serie-france-routes-n121-tuning-scania\\\/#primaryimage\"},\"thumbnailUrl\":\"https:\\\/\\\/franceroutes.fr\\\/boutique\\\/wp-content\\\/uploads\\\/2025\\\/12\\\/fr-hs-121couverture-v2-0.jpg\",\"datePublished\":\"2025-12-01T13:22:37+00:00\",\"breadcrumb\":{\"@id\":\"https:\\\/\\\/franceroutes.fr\\\/boutique\\\/produit\\\/hors-series\\\/hors-serie-france-routes-n121-tuning-scania\\\/#breadcrumb\"},\"inLanguage\":\"fr-FR\",\"potentialAction\":[{\"@type\":\"ReadAction\",\"target\":[\"https:\\\/\\\/franceroutes.fr\\\/boutique\\\/produit\\\/hors-series\\\/hors-serie-france-routes-n121-tuning-scania\\\/\"]}]},{\"@type\":\"ImageObject\",\"inLanguage\":\"fr-FR\",\"@id\":\"https:\\\/\\\/franceroutes.fr\\\/boutique\\\/produit\\\/hors-series\\\/hors-serie-france-routes-n121-tuning-scania\\\/#primaryimage\",\"url\":\"https:\\\/\\\/franceroutes.fr\\\/boutique\\\/wp-content\\\/uploads\\\/2025\\\/12\\\/fr-hs-121couverture-v2-0.jpg\",\"contentUrl\":\"https:\\\/\\\/franceroutes.fr\\\/boutique\\\/wp-content\\\/uploads\\\/2025\\\/12\\\/fr-hs-121couverture-v2-0.jpg\",\"width\":300,\"height\":424},{\"@type\":\"BreadcrumbList\",\"@id\":\"https:\\\/\\\/franceroutes.fr\\\/boutique\\\/produit\\\/hors-series\\\/hors-serie-france-routes-n121-tuning-scania\\\/#breadcrumb\",\"itemListElement\":[{\"@type\":\"ListItem\",\"position\":1,\"name\":\"Accueil\",\"item\":\"https:\\\/\\\/franceroutes.fr\\\/boutique\\\/\"},{\"@type\":\"ListItem\",\"position\":2,\"name\":\"Hors-S\u00e9rie France Routes n\u00b0121 : TUNING SCANIA\"}]},{\"@type\":\"WebSite\",\"@id\":\"https:\\\/\\\/franceroutes.fr\\\/boutique\\\/#website\",\"url\":\"https:\\\/\\\/franceroutes.fr\\\/boutique\\\/\",\"name\":\"Boutique France Routes\",\"description\":\"\",\"publisher\":{\"@id\":\"https:\\\/\\\/franceroutes.fr\\\/boutique\\\/#organization\"},\"potentialAction\":[{\"@type\":\"SearchAction\",\"target\":{\"@type\":\"EntryPoint\",\"urlTemplate\":\"https:\\\/\\\/franceroutes.fr\\\/boutique\\\/?s={search_term_string}\"},\"query-input\":{\"@type\":\"PropertyValueSpecification\",\"valueRequired\":true,\"valueName\":\"search_term_string\"}}],\"inLanguage\":\"fr-FR\"},{\"@type\":\"Organization\",\"@id\":\"https:\\\/\\\/franceroutes.fr\\\/boutique\\\/#organization\",\"name\":\"Boutique France Routes\",\"url\":\"https:\\\/\\\/franceroutes.fr\\\/boutique\\\/\",\"logo\":{\"@type\":\"ImageObject\",\"inLanguage\":\"fr-FR\",\"@id\":\"https:\\\/\\\/franceroutes.fr\\\/boutique\\\/#\\\/schema\\\/logo\\\/image\\\/\",\"url\":\"https:\\\/\\\/franceroutes.fr\\\/boutique\\\/wp-content\\\/uploads\\\/2025\\\/11\\\/logo-franceroutes.png\",\"contentUrl\":\"https:\\\/\\\/franceroutes.fr\\\/boutique\\\/wp-content\\\/uploads\\\/2025\\\/11\\\/logo-franceroutes.png\",\"width\":1032,\"height\":303,\"caption\":\"Boutique France Routes\"},\"image\":{\"@id\":\"https:\\\/\\\/franceroutes.fr\\\/boutique\\\/#\\\/schema\\\/logo\\\/image\\\/\"}}]}<\/script>\n<!-- \/ Yoast SEO plugin. -->","yoast_head_json":{"title":"Hors-S\u00e9rie France Routes n\u00b0121 : TUNING SCANIA - Boutique France Routes","robots":{"index":"index","follow":"follow","max-snippet":"max-snippet:-1","max-image-preview":"max-image-preview:large","max-video-preview":"max-video-preview:-1"},"canonical":"https:\/\/franceroutes.fr\/boutique\/produit\/hors-series\/hors-serie-france-routes-n121-tuning-scania\/","og_locale":"fr_FR","og_type":"article","og_title":"Hors-S\u00e9rie France Routes n\u00b0121 : TUNING SCANIA - Boutique France Routes","og_description":"HS FRANCEROUTES N\u00b0 121- D\u00e9cembre 2021 - 84 pages  L'Europe des camions tuning SCANIA nouvelle g\u00e9n\u00e9ration mais aussi n\u00e9o-r\u00e9tro et vintage.  Des photos superbes\u00a0-\u00a0 rapport\u00e9es par notre reporter Xavier St\u00e9faniak -\u00a0 qui immortalisent les camions les plus repr\u00e9sentatifs de la tendance tuning Scania!  Un hors-s\u00e9rie sublime:  26 camions Scania customis\u00e9s avec passion:   les derni\u00e8res tendances  les plus grands pr\u00e9parateurs  les plus\u00a0grands peintres de renom  Des artistes qui oeuvrent sur des carrosseries majestueuses de v\u00e9hicules d'exception, dans 10 pays d'Europe\u00a0dont l'Angleterre, les Pays-Bas, le Danemark, la Su\u00e8de, l'Espagne, la Finlande, l'Allemagne, la Gr\u00e8ce, la Belgique et la France qui tient une tr\u00e8s bonne place dans cet exercice!","og_url":"https:\/\/franceroutes.fr\/boutique\/produit\/hors-series\/hors-serie-france-routes-n121-tuning-scania\/","og_site_name":"Boutique France Routes","og_image":[{"width":300,"height":424,"url":"https:\/\/franceroutes.fr\/boutique\/wp-content\/uploads\/2025\/12\/fr-hs-121couverture-v2-0.jpg","type":"image\/jpeg"}],"twitter_card":"summary_large_image","twitter_misc":{"Dur\u00e9e de lecture estim\u00e9e":"2 minutes"},"schema":{"@context":"https:\/\/schema.org","@graph":[{"@type":"WebPage","@id":"https:\/\/franceroutes.fr\/boutique\/produit\/hors-series\/hors-serie-france-routes-n121-tuning-scania\/","url":"https:\/\/franceroutes.fr\/boutique\/produit\/hors-series\/hors-serie-france-routes-n121-tuning-scania\/","name":"Hors-S\u00e9rie France Routes n\u00b0121 : TUNING SCANIA - Boutique France Routes","isPartOf":{"@id":"https:\/\/franceroutes.fr\/boutique\/#website"},"primaryImageOfPage":{"@id":"https:\/\/franceroutes.fr\/boutique\/produit\/hors-series\/hors-serie-france-routes-n121-tuning-scania\/#primaryimage"},"image":{"@id":"https:\/\/franceroutes.fr\/boutique\/produit\/hors-series\/hors-serie-france-routes-n121-tuning-scania\/#primaryimage"},"thumbnailUrl":"https:\/\/franceroutes.fr\/boutique\/wp-content\/uploads\/2025\/12\/fr-hs-121couverture-v2-0.jpg","datePublished":"2025-12-01T13:22:37+00:00","breadcrumb":{"@id":"https:\/\/franceroutes.fr\/boutique\/produit\/hors-series\/hors-serie-france-routes-n121-tuning-scania\/#breadcrumb"},"inLanguage":"fr-FR","potentialAction":[{"@type":"ReadAction","target":["https:\/\/franceroutes.fr\/boutique\/produit\/hors-series\/hors-serie-france-routes-n121-tuning-scania\/"]}]},{"@type":"ImageObject","inLanguage":"fr-FR","@id":"https:\/\/franceroutes.fr\/boutique\/produit\/hors-series\/hors-serie-france-routes-n121-tuning-scania\/#primaryimage","url":"https:\/\/franceroutes.fr\/boutique\/wp-content\/uploads\/2025\/12\/fr-hs-121couverture-v2-0.jpg","contentUrl":"https:\/\/franceroutes.fr\/boutique\/wp-content\/uploads\/2025\/12\/fr-hs-121couverture-v2-0.jpg","width":300,"height":424},{"@type":"BreadcrumbList","@id":"https:\/\/franceroutes.fr\/boutique\/produit\/hors-series\/hors-serie-france-routes-n121-tuning-scania\/#breadcrumb","itemListElement":[{"@type":"ListItem","position":1,"name":"Accueil","item":"https:\/\/franceroutes.fr\/boutique\/"},{"@type":"ListItem","position":2,"name":"Hors-S\u00e9rie France Routes n\u00b0121 : TUNING SCANIA"}]},{"@type":"WebSite","@id":"https:\/\/franceroutes.fr\/boutique\/#website","url":"https:\/\/franceroutes.fr\/boutique\/","name":"Boutique France Routes","description":"","publisher":{"@id":"https:\/\/franceroutes.fr\/boutique\/#organization"},"potentialAction":[{"@type":"SearchAction","target":{"@type":"EntryPoint","urlTemplate":"https:\/\/franceroutes.fr\/boutique\/?s={search_term_string}"},"query-input":{"@type":"PropertyValueSpecification","valueRequired":true,"valueName":"search_term_string"}}],"inLanguage":"fr-FR"},{"@type":"Organization","@id":"https:\/\/franceroutes.fr\/boutique\/#organization","name":"Boutique France Routes","url":"https:\/\/franceroutes.fr\/boutique\/","logo":{"@type":"ImageObject","inLanguage":"fr-FR","@id":"https:\/\/franceroutes.fr\/boutique\/#\/schema\/logo\/image\/","url":"https:\/\/franceroutes.fr\/boutique\/wp-content\/uploads\/2025\/11\/logo-franceroutes.png","contentUrl":"https:\/\/franceroutes.fr\/boutique\/wp-content\/uploads\/2025\/11\/logo-franceroutes.png","width":1032,"height":303,"caption":"Boutique France Routes"},"image":{"@id":"https:\/\/franceroutes.fr\/boutique\/#\/schema\/logo\/image\/"}}]}},"_links":{"self":[{"href":"https:\/\/franceroutes.fr\/boutique\/wp-json\/wp\/v2\/product\/222","targetHints":{"allow":["GET"]}}],"collection":[{"href":"https:\/\/franceroutes.fr\/boutique\/wp-json\/wp\/v2\/product"}],"about":[{"href":"https:\/\/franceroutes.fr\/boutique\/wp-json\/wp\/v2\/types\/product"}],"wp:featuredmedia":[{"embeddable":true,"href":"https:\/\/franceroutes.fr\/boutique\/wp-json\/wp\/v2\/media\/223"}],"wp:attachment":[{"href":"https:\/\/franceroutes.fr\/boutique\/wp-json\/wp\/v2\/media?parent=222"}],"wp:term":[{"taxonomy":"product_brand","embeddable":true,"href":"https:\/\/franceroutes.fr\/boutique\/wp-json\/wp\/v2\/product_brand?post=222"},{"taxonomy":"product_cat","embeddable":true,"href":"https:\/\/franceroutes.fr\/boutique\/wp-json\/wp\/v2\/product_cat?post=222"},{"taxonomy":"product_tag","embeddable":true,"href":"https:\/\/franceroutes.fr\/boutique\/wp-json\/wp\/v2\/product_tag?post=222"}],"curies":[{"name":"wp","href":"https:\/\/api.w.org\/{rel}","templated":true}]}}