{"id":232,"date":"2025-12-01T15:26:46","date_gmt":"2025-12-01T14:26:46","guid":{"rendered":"https:\/\/franceroutes.fr\/boutique\/?post_type=product&#038;p=232"},"modified":"2025-12-01T15:26:47","modified_gmt":"2025-12-01T14:26:47","slug":"hors-serie-france-routes-n126-lefficacite-energetique-des-ensembles-routiers","status":"publish","type":"product","link":"https:\/\/franceroutes.fr\/boutique\/produit\/hors-series\/hors-serie-france-routes-n126-lefficacite-energetique-des-ensembles-routiers\/","title":{"rendered":"Hors-s\u00e9rie France Routes n\u00b0126 : L&rsquo;efficacit\u00e9 \u00e9nerg\u00e9tique des ensembles routiers"},"content":{"rendered":"<p>Pr\u00e9sentation des r\u00e9glementations europ\u00e9ennes, dont Vecto et Vecto trailer, destin\u00e9es \u00e0 limiter les \u00e9missions de gaz \u00e0 effet de serre du transport de marchandises par camion. Technique, ing\u00e9nierie : comment r\u00e9duire la consommation de carburant et donc ces \u00e9mission en jouant sur la structure de l&rsquo;ensemble routier tracteur + remorque. Les solutions d&rsquo;\u00e9lectrification et les technologies les moins \u00e9nergivores sont pr\u00e9sent\u00e9es, ainsi que les programmes de R&amp;D et les projets les plus fous.<\/p>\n","protected":false},"excerpt":{"rendered":"<p>HORS-SERIE FRANCE ROUTES n\u00b0126 &#8211; Juillet 2024<\/p>\n","protected":false},"featured_media":233,"template":"","meta":[],"product_brand":[],"product_cat":[19],"product_tag":[],"class_list":{"0":"post-232","1":"product","2":"type-product","3":"status-publish","4":"has-post-thumbnail","6":"product_cat-hors-series","8":"first","9":"instock","10":"shipping-taxable","11":"purchasable","12":"product-type-simple"},"yoast_head":"<!-- This site is optimized with the Yoast SEO plugin v27.4 - https:\/\/yoast.com\/product\/yoast-seo-wordpress\/ -->\n<title>Hors-s\u00e9rie France Routes n\u00b0126 : L&#039;efficacit\u00e9 \u00e9nerg\u00e9tique des ensembles routiers - Boutique France Routes<\/title>\n<meta name=\"robots\" content=\"index, follow, max-snippet:-1, max-image-preview:large, max-video-preview:-1\" \/>\n<link rel=\"canonical\" href=\"https:\/\/franceroutes.fr\/boutique\/produit\/hors-series\/hors-serie-france-routes-n126-lefficacite-energetique-des-ensembles-routiers\/\" \/>\n<meta property=\"og:locale\" content=\"fr_FR\" \/>\n<meta property=\"og:type\" content=\"article\" \/>\n<meta property=\"og:title\" content=\"Hors-s\u00e9rie France Routes n\u00b0126 : L&#039;efficacit\u00e9 \u00e9nerg\u00e9tique des ensembles routiers - Boutique France Routes\" \/>\n<meta property=\"og:description\" content=\"HORS-SERIE FRANCE ROUTES n\u00b0126 - Juillet 2024\" \/>\n<meta property=\"og:url\" content=\"https:\/\/franceroutes.fr\/boutique\/produit\/hors-series\/hors-serie-france-routes-n126-lefficacite-energetique-des-ensembles-routiers\/\" \/>\n<meta property=\"og:site_name\" content=\"Boutique France Routes\" \/>\n<meta property=\"article:modified_time\" content=\"2025-12-01T14:26:47+00:00\" \/>\n<meta property=\"og:image\" content=\"https:\/\/franceroutes.fr\/boutique\/wp-content\/uploads\/2025\/12\/fr-hs-126-couverture-0.jpg\" \/>\n\t<meta property=\"og:image:width\" content=\"300\" \/>\n\t<meta property=\"og:image:height\" content=\"424\" \/>\n\t<meta property=\"og:image:type\" content=\"image\/jpeg\" \/>\n<meta name=\"twitter:card\" content=\"summary_large_image\" \/>\n<meta name=\"twitter:label1\" content=\"Dur\u00e9e de lecture estim\u00e9e\" \/>\n\t<meta name=\"twitter:data1\" content=\"1 minute\" \/>\n<script type=\"application\/ld+json\" class=\"yoast-schema-graph\">{\"@context\":\"https:\\\/\\\/schema.org\",\"@graph\":[{\"@type\":\"WebPage\",\"@id\":\"https:\\\/\\\/franceroutes.fr\\\/boutique\\\/produit\\\/hors-series\\\/hors-serie-france-routes-n126-lefficacite-energetique-des-ensembles-routiers\\\/\",\"url\":\"https:\\\/\\\/franceroutes.fr\\\/boutique\\\/produit\\\/hors-series\\\/hors-serie-france-routes-n126-lefficacite-energetique-des-ensembles-routiers\\\/\",\"name\":\"Hors-s\u00e9rie France Routes n\u00b0126 : L'efficacit\u00e9 \u00e9nerg\u00e9tique des ensembles routiers - Boutique France Routes\",\"isPartOf\":{\"@id\":\"https:\\\/\\\/franceroutes.fr\\\/boutique\\\/#website\"},\"primaryImageOfPage\":{\"@id\":\"https:\\\/\\\/franceroutes.fr\\\/boutique\\\/produit\\\/hors-series\\\/hors-serie-france-routes-n126-lefficacite-energetique-des-ensembles-routiers\\\/#primaryimage\"},\"image\":{\"@id\":\"https:\\\/\\\/franceroutes.fr\\\/boutique\\\/produit\\\/hors-series\\\/hors-serie-france-routes-n126-lefficacite-energetique-des-ensembles-routiers\\\/#primaryimage\"},\"thumbnailUrl\":\"https:\\\/\\\/franceroutes.fr\\\/boutique\\\/wp-content\\\/uploads\\\/2025\\\/12\\\/fr-hs-126-couverture-0.jpg\",\"datePublished\":\"2025-12-01T14:26:46+00:00\",\"dateModified\":\"2025-12-01T14:26:47+00:00\",\"breadcrumb\":{\"@id\":\"https:\\\/\\\/franceroutes.fr\\\/boutique\\\/produit\\\/hors-series\\\/hors-serie-france-routes-n126-lefficacite-energetique-des-ensembles-routiers\\\/#breadcrumb\"},\"inLanguage\":\"fr-FR\",\"potentialAction\":[{\"@type\":\"ReadAction\",\"target\":[\"https:\\\/\\\/franceroutes.fr\\\/boutique\\\/produit\\\/hors-series\\\/hors-serie-france-routes-n126-lefficacite-energetique-des-ensembles-routiers\\\/\"]}]},{\"@type\":\"ImageObject\",\"inLanguage\":\"fr-FR\",\"@id\":\"https:\\\/\\\/franceroutes.fr\\\/boutique\\\/produit\\\/hors-series\\\/hors-serie-france-routes-n126-lefficacite-energetique-des-ensembles-routiers\\\/#primaryimage\",\"url\":\"https:\\\/\\\/franceroutes.fr\\\/boutique\\\/wp-content\\\/uploads\\\/2025\\\/12\\\/fr-hs-126-couverture-0.jpg\",\"contentUrl\":\"https:\\\/\\\/franceroutes.fr\\\/boutique\\\/wp-content\\\/uploads\\\/2025\\\/12\\\/fr-hs-126-couverture-0.jpg\",\"width\":300,\"height\":424},{\"@type\":\"BreadcrumbList\",\"@id\":\"https:\\\/\\\/franceroutes.fr\\\/boutique\\\/produit\\\/hors-series\\\/hors-serie-france-routes-n126-lefficacite-energetique-des-ensembles-routiers\\\/#breadcrumb\",\"itemListElement\":[{\"@type\":\"ListItem\",\"position\":1,\"name\":\"Accueil\",\"item\":\"https:\\\/\\\/franceroutes.fr\\\/boutique\\\/\"},{\"@type\":\"ListItem\",\"position\":2,\"name\":\"Hors-s\u00e9rie France Routes n\u00b0126 : L&rsquo;efficacit\u00e9 \u00e9nerg\u00e9tique des ensembles routiers\"}]},{\"@type\":\"WebSite\",\"@id\":\"https:\\\/\\\/franceroutes.fr\\\/boutique\\\/#website\",\"url\":\"https:\\\/\\\/franceroutes.fr\\\/boutique\\\/\",\"name\":\"Boutique France Routes\",\"description\":\"\",\"publisher\":{\"@id\":\"https:\\\/\\\/franceroutes.fr\\\/boutique\\\/#organization\"},\"potentialAction\":[{\"@type\":\"SearchAction\",\"target\":{\"@type\":\"EntryPoint\",\"urlTemplate\":\"https:\\\/\\\/franceroutes.fr\\\/boutique\\\/?s={search_term_string}\"},\"query-input\":{\"@type\":\"PropertyValueSpecification\",\"valueRequired\":true,\"valueName\":\"search_term_string\"}}],\"inLanguage\":\"fr-FR\"},{\"@type\":\"Organization\",\"@id\":\"https:\\\/\\\/franceroutes.fr\\\/boutique\\\/#organization\",\"name\":\"Boutique France Routes\",\"url\":\"https:\\\/\\\/franceroutes.fr\\\/boutique\\\/\",\"logo\":{\"@type\":\"ImageObject\",\"inLanguage\":\"fr-FR\",\"@id\":\"https:\\\/\\\/franceroutes.fr\\\/boutique\\\/#\\\/schema\\\/logo\\\/image\\\/\",\"url\":\"https:\\\/\\\/franceroutes.fr\\\/boutique\\\/wp-content\\\/uploads\\\/2025\\\/11\\\/logo-franceroutes.png\",\"contentUrl\":\"https:\\\/\\\/franceroutes.fr\\\/boutique\\\/wp-content\\\/uploads\\\/2025\\\/11\\\/logo-franceroutes.png\",\"width\":1032,\"height\":303,\"caption\":\"Boutique France Routes\"},\"image\":{\"@id\":\"https:\\\/\\\/franceroutes.fr\\\/boutique\\\/#\\\/schema\\\/logo\\\/image\\\/\"}}]}<\/script>\n<!-- \/ Yoast SEO plugin. -->","yoast_head_json":{"title":"Hors-s\u00e9rie France Routes n\u00b0126 : L'efficacit\u00e9 \u00e9nerg\u00e9tique des ensembles routiers - Boutique France Routes","robots":{"index":"index","follow":"follow","max-snippet":"max-snippet:-1","max-image-preview":"max-image-preview:large","max-video-preview":"max-video-preview:-1"},"canonical":"https:\/\/franceroutes.fr\/boutique\/produit\/hors-series\/hors-serie-france-routes-n126-lefficacite-energetique-des-ensembles-routiers\/","og_locale":"fr_FR","og_type":"article","og_title":"Hors-s\u00e9rie France Routes n\u00b0126 : L'efficacit\u00e9 \u00e9nerg\u00e9tique des ensembles routiers - Boutique France Routes","og_description":"HORS-SERIE FRANCE ROUTES n\u00b0126 - Juillet 2024","og_url":"https:\/\/franceroutes.fr\/boutique\/produit\/hors-series\/hors-serie-france-routes-n126-lefficacite-energetique-des-ensembles-routiers\/","og_site_name":"Boutique France Routes","article_modified_time":"2025-12-01T14:26:47+00:00","og_image":[{"width":300,"height":424,"url":"https:\/\/franceroutes.fr\/boutique\/wp-content\/uploads\/2025\/12\/fr-hs-126-couverture-0.jpg","type":"image\/jpeg"}],"twitter_card":"summary_large_image","twitter_misc":{"Dur\u00e9e de lecture estim\u00e9e":"1 minute"},"schema":{"@context":"https:\/\/schema.org","@graph":[{"@type":"WebPage","@id":"https:\/\/franceroutes.fr\/boutique\/produit\/hors-series\/hors-serie-france-routes-n126-lefficacite-energetique-des-ensembles-routiers\/","url":"https:\/\/franceroutes.fr\/boutique\/produit\/hors-series\/hors-serie-france-routes-n126-lefficacite-energetique-des-ensembles-routiers\/","name":"Hors-s\u00e9rie France Routes n\u00b0126 : L'efficacit\u00e9 \u00e9nerg\u00e9tique des ensembles routiers - Boutique France Routes","isPartOf":{"@id":"https:\/\/franceroutes.fr\/boutique\/#website"},"primaryImageOfPage":{"@id":"https:\/\/franceroutes.fr\/boutique\/produit\/hors-series\/hors-serie-france-routes-n126-lefficacite-energetique-des-ensembles-routiers\/#primaryimage"},"image":{"@id":"https:\/\/franceroutes.fr\/boutique\/produit\/hors-series\/hors-serie-france-routes-n126-lefficacite-energetique-des-ensembles-routiers\/#primaryimage"},"thumbnailUrl":"https:\/\/franceroutes.fr\/boutique\/wp-content\/uploads\/2025\/12\/fr-hs-126-couverture-0.jpg","datePublished":"2025-12-01T14:26:46+00:00","dateModified":"2025-12-01T14:26:47+00:00","breadcrumb":{"@id":"https:\/\/franceroutes.fr\/boutique\/produit\/hors-series\/hors-serie-france-routes-n126-lefficacite-energetique-des-ensembles-routiers\/#breadcrumb"},"inLanguage":"fr-FR","potentialAction":[{"@type":"ReadAction","target":["https:\/\/franceroutes.fr\/boutique\/produit\/hors-series\/hors-serie-france-routes-n126-lefficacite-energetique-des-ensembles-routiers\/"]}]},{"@type":"ImageObject","inLanguage":"fr-FR","@id":"https:\/\/franceroutes.fr\/boutique\/produit\/hors-series\/hors-serie-france-routes-n126-lefficacite-energetique-des-ensembles-routiers\/#primaryimage","url":"https:\/\/franceroutes.fr\/boutique\/wp-content\/uploads\/2025\/12\/fr-hs-126-couverture-0.jpg","contentUrl":"https:\/\/franceroutes.fr\/boutique\/wp-content\/uploads\/2025\/12\/fr-hs-126-couverture-0.jpg","width":300,"height":424},{"@type":"BreadcrumbList","@id":"https:\/\/franceroutes.fr\/boutique\/produit\/hors-series\/hors-serie-france-routes-n126-lefficacite-energetique-des-ensembles-routiers\/#breadcrumb","itemListElement":[{"@type":"ListItem","position":1,"name":"Accueil","item":"https:\/\/franceroutes.fr\/boutique\/"},{"@type":"ListItem","position":2,"name":"Hors-s\u00e9rie France Routes n\u00b0126 : L&rsquo;efficacit\u00e9 \u00e9nerg\u00e9tique des ensembles routiers"}]},{"@type":"WebSite","@id":"https:\/\/franceroutes.fr\/boutique\/#website","url":"https:\/\/franceroutes.fr\/boutique\/","name":"Boutique France Routes","description":"","publisher":{"@id":"https:\/\/franceroutes.fr\/boutique\/#organization"},"potentialAction":[{"@type":"SearchAction","target":{"@type":"EntryPoint","urlTemplate":"https:\/\/franceroutes.fr\/boutique\/?s={search_term_string}"},"query-input":{"@type":"PropertyValueSpecification","valueRequired":true,"valueName":"search_term_string"}}],"inLanguage":"fr-FR"},{"@type":"Organization","@id":"https:\/\/franceroutes.fr\/boutique\/#organization","name":"Boutique France Routes","url":"https:\/\/franceroutes.fr\/boutique\/","logo":{"@type":"ImageObject","inLanguage":"fr-FR","@id":"https:\/\/franceroutes.fr\/boutique\/#\/schema\/logo\/image\/","url":"https:\/\/franceroutes.fr\/boutique\/wp-content\/uploads\/2025\/11\/logo-franceroutes.png","contentUrl":"https:\/\/franceroutes.fr\/boutique\/wp-content\/uploads\/2025\/11\/logo-franceroutes.png","width":1032,"height":303,"caption":"Boutique France Routes"},"image":{"@id":"https:\/\/franceroutes.fr\/boutique\/#\/schema\/logo\/image\/"}}]}},"_links":{"self":[{"href":"https:\/\/franceroutes.fr\/boutique\/wp-json\/wp\/v2\/product\/232","targetHints":{"allow":["GET"]}}],"collection":[{"href":"https:\/\/franceroutes.fr\/boutique\/wp-json\/wp\/v2\/product"}],"about":[{"href":"https:\/\/franceroutes.fr\/boutique\/wp-json\/wp\/v2\/types\/product"}],"wp:featuredmedia":[{"embeddable":true,"href":"https:\/\/franceroutes.fr\/boutique\/wp-json\/wp\/v2\/media\/233"}],"wp:attachment":[{"href":"https:\/\/franceroutes.fr\/boutique\/wp-json\/wp\/v2\/media?parent=232"}],"wp:term":[{"taxonomy":"product_brand","embeddable":true,"href":"https:\/\/franceroutes.fr\/boutique\/wp-json\/wp\/v2\/product_brand?post=232"},{"taxonomy":"product_cat","embeddable":true,"href":"https:\/\/franceroutes.fr\/boutique\/wp-json\/wp\/v2\/product_cat?post=232"},{"taxonomy":"product_tag","embeddable":true,"href":"https:\/\/franceroutes.fr\/boutique\/wp-json\/wp\/v2\/product_tag?post=232"}],"curies":[{"name":"wp","href":"https:\/\/api.w.org\/{rel}","templated":true}]}}