{"id":402,"date":"2026-01-01T13:50:04","date_gmt":"2026-01-01T12:50:04","guid":{"rendered":"https:\/\/franceroutes.fr\/boutique\/?post_type=product&#038;p=402"},"modified":"2026-01-02T13:49:42","modified_gmt":"2026-01-02T12:49:42","slug":"franceroutes-n-508-509","status":"publish","type":"product","link":"https:\/\/franceroutes.fr\/boutique\/produit\/magazines\/franceroutes-n-508-509\/","title":{"rendered":"FRANCEROUTES N\u00b0 508-509"},"content":{"rendered":"<p><strong>A la une :\u00a0Le Scania ST 770 des transports Le Goff, qui poss\u00e8de aussi 2 autres Scania pr\u00e9par\u00e9s mytiques en photo dans le mag&rsquo; !<\/strong><\/p>\n<p><strong>Prise en main\u00a0:\u00a0Un Renault K 520 8&#215;8 pour les trasnports tout terrain en carri\u00e8re et gros chantier, un camion costaud !<\/strong><\/p>\n<p><strong>Salon :\u00a0Les camions \u00e0 l&rsquo;italienne du salon Transpotec \u00e0 Milan<\/strong><\/p>\n<p><strong>Grand Prix :\u00a0Compte rendu tout en image du GP Camions du Castellet, c\u00f4t\u00e9 courses et c\u00f4t\u00e9 truck show<\/strong><\/p>\n<p><strong>Dossier :\u00a0Le nouveau r\u00e9glement europ\u00e9en GSR 2 la s\u00e9curit\u00e9 des camions<\/strong><\/p>\n<p><strong>Ce mois-ci :\u00a0D\u00e9couvrez le job board T\u00e9ma Transport<\/strong><\/p>\n","protected":false},"excerpt":{"rendered":"<p>Juillet-Ao\u00fbt 2024<\/p>\n","protected":false},"featured_media":403,"template":"","meta":[],"product_brand":[],"product_cat":[18],"product_tag":[],"class_list":{"0":"post-402","1":"product","2":"type-product","3":"status-publish","4":"has-post-thumbnail","6":"product_cat-magazines","8":"first","9":"instock","10":"shipping-taxable","11":"purchasable","12":"product-type-simple"},"yoast_head":"<!-- This site is optimized with the Yoast SEO plugin v27.4 - https:\/\/yoast.com\/product\/yoast-seo-wordpress\/ -->\n<title>FRANCEROUTES N\u00b0 508-509 - Boutique France Routes<\/title>\n<meta name=\"robots\" content=\"index, follow, max-snippet:-1, max-image-preview:large, max-video-preview:-1\" \/>\n<link rel=\"canonical\" href=\"https:\/\/franceroutes.fr\/boutique\/produit\/magazines\/franceroutes-n-508-509\/\" \/>\n<meta property=\"og:locale\" content=\"fr_FR\" \/>\n<meta property=\"og:type\" content=\"article\" \/>\n<meta property=\"og:title\" content=\"FRANCEROUTES N\u00b0 508-509 - Boutique France Routes\" \/>\n<meta property=\"og:description\" content=\"Juillet-Ao\u00fbt 2024\" \/>\n<meta property=\"og:url\" content=\"https:\/\/franceroutes.fr\/boutique\/produit\/magazines\/franceroutes-n-508-509\/\" \/>\n<meta property=\"og:site_name\" content=\"Boutique France Routes\" \/>\n<meta property=\"article:modified_time\" content=\"2026-01-02T12:49:42+00:00\" \/>\n<meta property=\"og:image\" content=\"https:\/\/franceroutes.fr\/boutique\/wp-content\/uploads\/2025\/12\/fr-508-509-couverture-72-dpi-0.jpg\" \/>\n\t<meta property=\"og:image:width\" content=\"300\" \/>\n\t<meta property=\"og:image:height\" content=\"424\" \/>\n\t<meta property=\"og:image:type\" content=\"image\/jpeg\" \/>\n<meta name=\"twitter:card\" content=\"summary_large_image\" \/>\n<meta name=\"twitter:label1\" content=\"Dur\u00e9e de lecture estim\u00e9e\" \/>\n\t<meta name=\"twitter:data1\" content=\"1 minute\" \/>\n<script type=\"application\/ld+json\" class=\"yoast-schema-graph\">{\"@context\":\"https:\\\/\\\/schema.org\",\"@graph\":[{\"@type\":\"WebPage\",\"@id\":\"https:\\\/\\\/franceroutes.fr\\\/boutique\\\/produit\\\/magazines\\\/franceroutes-n-508-509\\\/\",\"url\":\"https:\\\/\\\/franceroutes.fr\\\/boutique\\\/produit\\\/magazines\\\/franceroutes-n-508-509\\\/\",\"name\":\"FRANCEROUTES N\u00b0 508-509 - Boutique France Routes\",\"isPartOf\":{\"@id\":\"https:\\\/\\\/franceroutes.fr\\\/boutique\\\/#website\"},\"primaryImageOfPage\":{\"@id\":\"https:\\\/\\\/franceroutes.fr\\\/boutique\\\/produit\\\/magazines\\\/franceroutes-n-508-509\\\/#primaryimage\"},\"image\":{\"@id\":\"https:\\\/\\\/franceroutes.fr\\\/boutique\\\/produit\\\/magazines\\\/franceroutes-n-508-509\\\/#primaryimage\"},\"thumbnailUrl\":\"https:\\\/\\\/franceroutes.fr\\\/boutique\\\/wp-content\\\/uploads\\\/2025\\\/12\\\/fr-508-509-couverture-72-dpi-0.jpg\",\"datePublished\":\"2026-01-01T12:50:04+00:00\",\"dateModified\":\"2026-01-02T12:49:42+00:00\",\"breadcrumb\":{\"@id\":\"https:\\\/\\\/franceroutes.fr\\\/boutique\\\/produit\\\/magazines\\\/franceroutes-n-508-509\\\/#breadcrumb\"},\"inLanguage\":\"fr-FR\",\"potentialAction\":[{\"@type\":\"ReadAction\",\"target\":[\"https:\\\/\\\/franceroutes.fr\\\/boutique\\\/produit\\\/magazines\\\/franceroutes-n-508-509\\\/\"]}]},{\"@type\":\"ImageObject\",\"inLanguage\":\"fr-FR\",\"@id\":\"https:\\\/\\\/franceroutes.fr\\\/boutique\\\/produit\\\/magazines\\\/franceroutes-n-508-509\\\/#primaryimage\",\"url\":\"https:\\\/\\\/franceroutes.fr\\\/boutique\\\/wp-content\\\/uploads\\\/2025\\\/12\\\/fr-508-509-couverture-72-dpi-0.jpg\",\"contentUrl\":\"https:\\\/\\\/franceroutes.fr\\\/boutique\\\/wp-content\\\/uploads\\\/2025\\\/12\\\/fr-508-509-couverture-72-dpi-0.jpg\",\"width\":300,\"height\":424},{\"@type\":\"BreadcrumbList\",\"@id\":\"https:\\\/\\\/franceroutes.fr\\\/boutique\\\/produit\\\/magazines\\\/franceroutes-n-508-509\\\/#breadcrumb\",\"itemListElement\":[{\"@type\":\"ListItem\",\"position\":1,\"name\":\"Accueil\",\"item\":\"https:\\\/\\\/franceroutes.fr\\\/boutique\\\/\"},{\"@type\":\"ListItem\",\"position\":2,\"name\":\"FRANCEROUTES N\u00b0 508-509\"}]},{\"@type\":\"WebSite\",\"@id\":\"https:\\\/\\\/franceroutes.fr\\\/boutique\\\/#website\",\"url\":\"https:\\\/\\\/franceroutes.fr\\\/boutique\\\/\",\"name\":\"Boutique France Routes\",\"description\":\"\",\"publisher\":{\"@id\":\"https:\\\/\\\/franceroutes.fr\\\/boutique\\\/#organization\"},\"potentialAction\":[{\"@type\":\"SearchAction\",\"target\":{\"@type\":\"EntryPoint\",\"urlTemplate\":\"https:\\\/\\\/franceroutes.fr\\\/boutique\\\/?s={search_term_string}\"},\"query-input\":{\"@type\":\"PropertyValueSpecification\",\"valueRequired\":true,\"valueName\":\"search_term_string\"}}],\"inLanguage\":\"fr-FR\"},{\"@type\":\"Organization\",\"@id\":\"https:\\\/\\\/franceroutes.fr\\\/boutique\\\/#organization\",\"name\":\"Boutique France Routes\",\"url\":\"https:\\\/\\\/franceroutes.fr\\\/boutique\\\/\",\"logo\":{\"@type\":\"ImageObject\",\"inLanguage\":\"fr-FR\",\"@id\":\"https:\\\/\\\/franceroutes.fr\\\/boutique\\\/#\\\/schema\\\/logo\\\/image\\\/\",\"url\":\"https:\\\/\\\/franceroutes.fr\\\/boutique\\\/wp-content\\\/uploads\\\/2025\\\/11\\\/logo-franceroutes.png\",\"contentUrl\":\"https:\\\/\\\/franceroutes.fr\\\/boutique\\\/wp-content\\\/uploads\\\/2025\\\/11\\\/logo-franceroutes.png\",\"width\":1032,\"height\":303,\"caption\":\"Boutique France Routes\"},\"image\":{\"@id\":\"https:\\\/\\\/franceroutes.fr\\\/boutique\\\/#\\\/schema\\\/logo\\\/image\\\/\"}}]}<\/script>\n<!-- \/ Yoast SEO plugin. -->","yoast_head_json":{"title":"FRANCEROUTES N\u00b0 508-509 - Boutique France Routes","robots":{"index":"index","follow":"follow","max-snippet":"max-snippet:-1","max-image-preview":"max-image-preview:large","max-video-preview":"max-video-preview:-1"},"canonical":"https:\/\/franceroutes.fr\/boutique\/produit\/magazines\/franceroutes-n-508-509\/","og_locale":"fr_FR","og_type":"article","og_title":"FRANCEROUTES N\u00b0 508-509 - Boutique France Routes","og_description":"Juillet-Ao\u00fbt 2024","og_url":"https:\/\/franceroutes.fr\/boutique\/produit\/magazines\/franceroutes-n-508-509\/","og_site_name":"Boutique France Routes","article_modified_time":"2026-01-02T12:49:42+00:00","og_image":[{"width":300,"height":424,"url":"https:\/\/franceroutes.fr\/boutique\/wp-content\/uploads\/2025\/12\/fr-508-509-couverture-72-dpi-0.jpg","type":"image\/jpeg"}],"twitter_card":"summary_large_image","twitter_misc":{"Dur\u00e9e de lecture estim\u00e9e":"1 minute"},"schema":{"@context":"https:\/\/schema.org","@graph":[{"@type":"WebPage","@id":"https:\/\/franceroutes.fr\/boutique\/produit\/magazines\/franceroutes-n-508-509\/","url":"https:\/\/franceroutes.fr\/boutique\/produit\/magazines\/franceroutes-n-508-509\/","name":"FRANCEROUTES N\u00b0 508-509 - Boutique France Routes","isPartOf":{"@id":"https:\/\/franceroutes.fr\/boutique\/#website"},"primaryImageOfPage":{"@id":"https:\/\/franceroutes.fr\/boutique\/produit\/magazines\/franceroutes-n-508-509\/#primaryimage"},"image":{"@id":"https:\/\/franceroutes.fr\/boutique\/produit\/magazines\/franceroutes-n-508-509\/#primaryimage"},"thumbnailUrl":"https:\/\/franceroutes.fr\/boutique\/wp-content\/uploads\/2025\/12\/fr-508-509-couverture-72-dpi-0.jpg","datePublished":"2026-01-01T12:50:04+00:00","dateModified":"2026-01-02T12:49:42+00:00","breadcrumb":{"@id":"https:\/\/franceroutes.fr\/boutique\/produit\/magazines\/franceroutes-n-508-509\/#breadcrumb"},"inLanguage":"fr-FR","potentialAction":[{"@type":"ReadAction","target":["https:\/\/franceroutes.fr\/boutique\/produit\/magazines\/franceroutes-n-508-509\/"]}]},{"@type":"ImageObject","inLanguage":"fr-FR","@id":"https:\/\/franceroutes.fr\/boutique\/produit\/magazines\/franceroutes-n-508-509\/#primaryimage","url":"https:\/\/franceroutes.fr\/boutique\/wp-content\/uploads\/2025\/12\/fr-508-509-couverture-72-dpi-0.jpg","contentUrl":"https:\/\/franceroutes.fr\/boutique\/wp-content\/uploads\/2025\/12\/fr-508-509-couverture-72-dpi-0.jpg","width":300,"height":424},{"@type":"BreadcrumbList","@id":"https:\/\/franceroutes.fr\/boutique\/produit\/magazines\/franceroutes-n-508-509\/#breadcrumb","itemListElement":[{"@type":"ListItem","position":1,"name":"Accueil","item":"https:\/\/franceroutes.fr\/boutique\/"},{"@type":"ListItem","position":2,"name":"FRANCEROUTES N\u00b0 508-509"}]},{"@type":"WebSite","@id":"https:\/\/franceroutes.fr\/boutique\/#website","url":"https:\/\/franceroutes.fr\/boutique\/","name":"Boutique France Routes","description":"","publisher":{"@id":"https:\/\/franceroutes.fr\/boutique\/#organization"},"potentialAction":[{"@type":"SearchAction","target":{"@type":"EntryPoint","urlTemplate":"https:\/\/franceroutes.fr\/boutique\/?s={search_term_string}"},"query-input":{"@type":"PropertyValueSpecification","valueRequired":true,"valueName":"search_term_string"}}],"inLanguage":"fr-FR"},{"@type":"Organization","@id":"https:\/\/franceroutes.fr\/boutique\/#organization","name":"Boutique France Routes","url":"https:\/\/franceroutes.fr\/boutique\/","logo":{"@type":"ImageObject","inLanguage":"fr-FR","@id":"https:\/\/franceroutes.fr\/boutique\/#\/schema\/logo\/image\/","url":"https:\/\/franceroutes.fr\/boutique\/wp-content\/uploads\/2025\/11\/logo-franceroutes.png","contentUrl":"https:\/\/franceroutes.fr\/boutique\/wp-content\/uploads\/2025\/11\/logo-franceroutes.png","width":1032,"height":303,"caption":"Boutique France Routes"},"image":{"@id":"https:\/\/franceroutes.fr\/boutique\/#\/schema\/logo\/image\/"}}]}},"_links":{"self":[{"href":"https:\/\/franceroutes.fr\/boutique\/wp-json\/wp\/v2\/product\/402","targetHints":{"allow":["GET"]}}],"collection":[{"href":"https:\/\/franceroutes.fr\/boutique\/wp-json\/wp\/v2\/product"}],"about":[{"href":"https:\/\/franceroutes.fr\/boutique\/wp-json\/wp\/v2\/types\/product"}],"wp:featuredmedia":[{"embeddable":true,"href":"https:\/\/franceroutes.fr\/boutique\/wp-json\/wp\/v2\/media\/403"}],"wp:attachment":[{"href":"https:\/\/franceroutes.fr\/boutique\/wp-json\/wp\/v2\/media?parent=402"}],"wp:term":[{"taxonomy":"product_brand","embeddable":true,"href":"https:\/\/franceroutes.fr\/boutique\/wp-json\/wp\/v2\/product_brand?post=402"},{"taxonomy":"product_cat","embeddable":true,"href":"https:\/\/franceroutes.fr\/boutique\/wp-json\/wp\/v2\/product_cat?post=402"},{"taxonomy":"product_tag","embeddable":true,"href":"https:\/\/franceroutes.fr\/boutique\/wp-json\/wp\/v2\/product_tag?post=402"}],"curies":[{"name":"wp","href":"https:\/\/api.w.org\/{rel}","templated":true}]}}