{"id":447,"date":"2026-01-01T09:01:31","date_gmt":"2026-01-01T08:01:31","guid":{"rendered":"https:\/\/franceroutes.fr\/boutique\/?post_type=product&#038;p=447"},"modified":"2026-01-02T13:39:40","modified_gmt":"2026-01-02T12:39:40","slug":"franceroutes-n-484-485","status":"publish","type":"product","link":"https:\/\/franceroutes.fr\/boutique\/produit\/magazines\/franceroutes-n-484-485\/","title":{"rendered":"FRANCEROUTES N\u00b0 484 &#8211; 485"},"content":{"rendered":"<p><strong>Chaque mois, FranceRoutes vous fait d\u00e9couvrir les derni\u00e8res nouveaut\u00e9s des constructeurs, les essais et les prises en main effectu\u00e9s par nos journalistes chevronn\u00e9s, les r\u00e9sultats des derni\u00e8res comp\u00e9titions selon le calendrier des courses, l&rsquo;actualit\u00e9 de la route, des portraits de sp\u00e9cialistes ou de routiers \u00e9tonnants qui vous passionneront !<\/strong><\/p>\n<p><img fetchpriority=\"high\" decoding=\"async\" class=\"alignnone size-medium wp-image-448\" src=\"https:\/\/franceroutes.fr\/boutique\/wp-content\/uploads\/2026\/01\/fr-484-sommaire-0-300x207.jpg\" alt=\"\" width=\"300\" height=\"207\" srcset=\"https:\/\/franceroutes.fr\/boutique\/wp-content\/uploads\/2026\/01\/fr-484-sommaire-0-300x207.jpg 300w, https:\/\/franceroutes.fr\/boutique\/wp-content\/uploads\/2026\/01\/fr-484-sommaire-0-1024x706.jpg 1024w, https:\/\/franceroutes.fr\/boutique\/wp-content\/uploads\/2026\/01\/fr-484-sommaire-0-768x529.jpg 768w, https:\/\/franceroutes.fr\/boutique\/wp-content\/uploads\/2026\/01\/fr-484-sommaire-0-600x413.jpg 600w, https:\/\/franceroutes.fr\/boutique\/wp-content\/uploads\/2026\/01\/fr-484-sommaire-0.jpg 1190w\" sizes=\"(max-width: 300px) 100vw, 300px\" \/><\/p>\n","protected":false},"excerpt":{"rendered":"<p>Juillet &#8211; Ao\u00fbt 2022<\/p>\n","protected":false},"featured_media":449,"template":"","meta":[],"product_brand":[],"product_cat":[18],"product_tag":[],"class_list":{"0":"post-447","1":"product","2":"type-product","3":"status-publish","4":"has-post-thumbnail","6":"product_cat-magazines","8":"first","9":"instock","10":"shipping-taxable","11":"purchasable","12":"product-type-simple"},"yoast_head":"<!-- This site is optimized with the Yoast SEO plugin v27.4 - https:\/\/yoast.com\/product\/yoast-seo-wordpress\/ -->\n<title>FRANCEROUTES N\u00b0 484 - 485 - Boutique France Routes<\/title>\n<meta name=\"robots\" content=\"index, follow, max-snippet:-1, max-image-preview:large, max-video-preview:-1\" \/>\n<link rel=\"canonical\" href=\"https:\/\/franceroutes.fr\/boutique\/produit\/magazines\/franceroutes-n-484-485\/\" \/>\n<meta property=\"og:locale\" content=\"fr_FR\" \/>\n<meta property=\"og:type\" content=\"article\" \/>\n<meta property=\"og:title\" content=\"FRANCEROUTES N\u00b0 484 - 485 - Boutique France Routes\" \/>\n<meta property=\"og:description\" content=\"Juillet - Ao\u00fbt 2022\" \/>\n<meta property=\"og:url\" content=\"https:\/\/franceroutes.fr\/boutique\/produit\/magazines\/franceroutes-n-484-485\/\" \/>\n<meta property=\"og:site_name\" content=\"Boutique France Routes\" \/>\n<meta property=\"article:modified_time\" content=\"2026-01-02T12:39:40+00:00\" \/>\n<meta property=\"og:image\" content=\"https:\/\/franceroutes.fr\/boutique\/wp-content\/uploads\/2026\/01\/fr-484-couv-72-dpi-0.jpg\" \/>\n\t<meta property=\"og:image:width\" content=\"300\" \/>\n\t<meta property=\"og:image:height\" content=\"424\" \/>\n\t<meta property=\"og:image:type\" content=\"image\/jpeg\" \/>\n<meta name=\"twitter:card\" content=\"summary_large_image\" \/>\n<meta name=\"twitter:label1\" content=\"Dur\u00e9e de lecture estim\u00e9e\" \/>\n\t<meta name=\"twitter:data1\" content=\"1 minute\" \/>\n<script type=\"application\/ld+json\" class=\"yoast-schema-graph\">{\"@context\":\"https:\\\/\\\/schema.org\",\"@graph\":[{\"@type\":\"WebPage\",\"@id\":\"https:\\\/\\\/franceroutes.fr\\\/boutique\\\/produit\\\/magazines\\\/franceroutes-n-484-485\\\/\",\"url\":\"https:\\\/\\\/franceroutes.fr\\\/boutique\\\/produit\\\/magazines\\\/franceroutes-n-484-485\\\/\",\"name\":\"FRANCEROUTES N\u00b0 484 - 485 - Boutique France Routes\",\"isPartOf\":{\"@id\":\"https:\\\/\\\/franceroutes.fr\\\/boutique\\\/#website\"},\"primaryImageOfPage\":{\"@id\":\"https:\\\/\\\/franceroutes.fr\\\/boutique\\\/produit\\\/magazines\\\/franceroutes-n-484-485\\\/#primaryimage\"},\"image\":{\"@id\":\"https:\\\/\\\/franceroutes.fr\\\/boutique\\\/produit\\\/magazines\\\/franceroutes-n-484-485\\\/#primaryimage\"},\"thumbnailUrl\":\"https:\\\/\\\/franceroutes.fr\\\/boutique\\\/wp-content\\\/uploads\\\/2026\\\/01\\\/fr-484-couv-72-dpi-0.jpg\",\"datePublished\":\"2026-01-01T08:01:31+00:00\",\"dateModified\":\"2026-01-02T12:39:40+00:00\",\"breadcrumb\":{\"@id\":\"https:\\\/\\\/franceroutes.fr\\\/boutique\\\/produit\\\/magazines\\\/franceroutes-n-484-485\\\/#breadcrumb\"},\"inLanguage\":\"fr-FR\",\"potentialAction\":[{\"@type\":\"ReadAction\",\"target\":[\"https:\\\/\\\/franceroutes.fr\\\/boutique\\\/produit\\\/magazines\\\/franceroutes-n-484-485\\\/\"]}]},{\"@type\":\"ImageObject\",\"inLanguage\":\"fr-FR\",\"@id\":\"https:\\\/\\\/franceroutes.fr\\\/boutique\\\/produit\\\/magazines\\\/franceroutes-n-484-485\\\/#primaryimage\",\"url\":\"https:\\\/\\\/franceroutes.fr\\\/boutique\\\/wp-content\\\/uploads\\\/2026\\\/01\\\/fr-484-couv-72-dpi-0.jpg\",\"contentUrl\":\"https:\\\/\\\/franceroutes.fr\\\/boutique\\\/wp-content\\\/uploads\\\/2026\\\/01\\\/fr-484-couv-72-dpi-0.jpg\",\"width\":300,\"height\":424},{\"@type\":\"BreadcrumbList\",\"@id\":\"https:\\\/\\\/franceroutes.fr\\\/boutique\\\/produit\\\/magazines\\\/franceroutes-n-484-485\\\/#breadcrumb\",\"itemListElement\":[{\"@type\":\"ListItem\",\"position\":1,\"name\":\"Accueil\",\"item\":\"https:\\\/\\\/franceroutes.fr\\\/boutique\\\/\"},{\"@type\":\"ListItem\",\"position\":2,\"name\":\"FRANCEROUTES N\u00b0 484 &#8211; 485\"}]},{\"@type\":\"WebSite\",\"@id\":\"https:\\\/\\\/franceroutes.fr\\\/boutique\\\/#website\",\"url\":\"https:\\\/\\\/franceroutes.fr\\\/boutique\\\/\",\"name\":\"Boutique France Routes\",\"description\":\"\",\"publisher\":{\"@id\":\"https:\\\/\\\/franceroutes.fr\\\/boutique\\\/#organization\"},\"potentialAction\":[{\"@type\":\"SearchAction\",\"target\":{\"@type\":\"EntryPoint\",\"urlTemplate\":\"https:\\\/\\\/franceroutes.fr\\\/boutique\\\/?s={search_term_string}\"},\"query-input\":{\"@type\":\"PropertyValueSpecification\",\"valueRequired\":true,\"valueName\":\"search_term_string\"}}],\"inLanguage\":\"fr-FR\"},{\"@type\":\"Organization\",\"@id\":\"https:\\\/\\\/franceroutes.fr\\\/boutique\\\/#organization\",\"name\":\"Boutique France Routes\",\"url\":\"https:\\\/\\\/franceroutes.fr\\\/boutique\\\/\",\"logo\":{\"@type\":\"ImageObject\",\"inLanguage\":\"fr-FR\",\"@id\":\"https:\\\/\\\/franceroutes.fr\\\/boutique\\\/#\\\/schema\\\/logo\\\/image\\\/\",\"url\":\"https:\\\/\\\/franceroutes.fr\\\/boutique\\\/wp-content\\\/uploads\\\/2025\\\/11\\\/logo-franceroutes.png\",\"contentUrl\":\"https:\\\/\\\/franceroutes.fr\\\/boutique\\\/wp-content\\\/uploads\\\/2025\\\/11\\\/logo-franceroutes.png\",\"width\":1032,\"height\":303,\"caption\":\"Boutique France Routes\"},\"image\":{\"@id\":\"https:\\\/\\\/franceroutes.fr\\\/boutique\\\/#\\\/schema\\\/logo\\\/image\\\/\"}}]}<\/script>\n<!-- \/ Yoast SEO plugin. -->","yoast_head_json":{"title":"FRANCEROUTES N\u00b0 484 - 485 - Boutique France Routes","robots":{"index":"index","follow":"follow","max-snippet":"max-snippet:-1","max-image-preview":"max-image-preview:large","max-video-preview":"max-video-preview:-1"},"canonical":"https:\/\/franceroutes.fr\/boutique\/produit\/magazines\/franceroutes-n-484-485\/","og_locale":"fr_FR","og_type":"article","og_title":"FRANCEROUTES N\u00b0 484 - 485 - Boutique France Routes","og_description":"Juillet - Ao\u00fbt 2022","og_url":"https:\/\/franceroutes.fr\/boutique\/produit\/magazines\/franceroutes-n-484-485\/","og_site_name":"Boutique France Routes","article_modified_time":"2026-01-02T12:39:40+00:00","og_image":[{"width":300,"height":424,"url":"https:\/\/franceroutes.fr\/boutique\/wp-content\/uploads\/2026\/01\/fr-484-couv-72-dpi-0.jpg","type":"image\/jpeg"}],"twitter_card":"summary_large_image","twitter_misc":{"Dur\u00e9e de lecture estim\u00e9e":"1 minute"},"schema":{"@context":"https:\/\/schema.org","@graph":[{"@type":"WebPage","@id":"https:\/\/franceroutes.fr\/boutique\/produit\/magazines\/franceroutes-n-484-485\/","url":"https:\/\/franceroutes.fr\/boutique\/produit\/magazines\/franceroutes-n-484-485\/","name":"FRANCEROUTES N\u00b0 484 - 485 - Boutique France Routes","isPartOf":{"@id":"https:\/\/franceroutes.fr\/boutique\/#website"},"primaryImageOfPage":{"@id":"https:\/\/franceroutes.fr\/boutique\/produit\/magazines\/franceroutes-n-484-485\/#primaryimage"},"image":{"@id":"https:\/\/franceroutes.fr\/boutique\/produit\/magazines\/franceroutes-n-484-485\/#primaryimage"},"thumbnailUrl":"https:\/\/franceroutes.fr\/boutique\/wp-content\/uploads\/2026\/01\/fr-484-couv-72-dpi-0.jpg","datePublished":"2026-01-01T08:01:31+00:00","dateModified":"2026-01-02T12:39:40+00:00","breadcrumb":{"@id":"https:\/\/franceroutes.fr\/boutique\/produit\/magazines\/franceroutes-n-484-485\/#breadcrumb"},"inLanguage":"fr-FR","potentialAction":[{"@type":"ReadAction","target":["https:\/\/franceroutes.fr\/boutique\/produit\/magazines\/franceroutes-n-484-485\/"]}]},{"@type":"ImageObject","inLanguage":"fr-FR","@id":"https:\/\/franceroutes.fr\/boutique\/produit\/magazines\/franceroutes-n-484-485\/#primaryimage","url":"https:\/\/franceroutes.fr\/boutique\/wp-content\/uploads\/2026\/01\/fr-484-couv-72-dpi-0.jpg","contentUrl":"https:\/\/franceroutes.fr\/boutique\/wp-content\/uploads\/2026\/01\/fr-484-couv-72-dpi-0.jpg","width":300,"height":424},{"@type":"BreadcrumbList","@id":"https:\/\/franceroutes.fr\/boutique\/produit\/magazines\/franceroutes-n-484-485\/#breadcrumb","itemListElement":[{"@type":"ListItem","position":1,"name":"Accueil","item":"https:\/\/franceroutes.fr\/boutique\/"},{"@type":"ListItem","position":2,"name":"FRANCEROUTES N\u00b0 484 &#8211; 485"}]},{"@type":"WebSite","@id":"https:\/\/franceroutes.fr\/boutique\/#website","url":"https:\/\/franceroutes.fr\/boutique\/","name":"Boutique France Routes","description":"","publisher":{"@id":"https:\/\/franceroutes.fr\/boutique\/#organization"},"potentialAction":[{"@type":"SearchAction","target":{"@type":"EntryPoint","urlTemplate":"https:\/\/franceroutes.fr\/boutique\/?s={search_term_string}"},"query-input":{"@type":"PropertyValueSpecification","valueRequired":true,"valueName":"search_term_string"}}],"inLanguage":"fr-FR"},{"@type":"Organization","@id":"https:\/\/franceroutes.fr\/boutique\/#organization","name":"Boutique France Routes","url":"https:\/\/franceroutes.fr\/boutique\/","logo":{"@type":"ImageObject","inLanguage":"fr-FR","@id":"https:\/\/franceroutes.fr\/boutique\/#\/schema\/logo\/image\/","url":"https:\/\/franceroutes.fr\/boutique\/wp-content\/uploads\/2025\/11\/logo-franceroutes.png","contentUrl":"https:\/\/franceroutes.fr\/boutique\/wp-content\/uploads\/2025\/11\/logo-franceroutes.png","width":1032,"height":303,"caption":"Boutique France Routes"},"image":{"@id":"https:\/\/franceroutes.fr\/boutique\/#\/schema\/logo\/image\/"}}]}},"_links":{"self":[{"href":"https:\/\/franceroutes.fr\/boutique\/wp-json\/wp\/v2\/product\/447","targetHints":{"allow":["GET"]}}],"collection":[{"href":"https:\/\/franceroutes.fr\/boutique\/wp-json\/wp\/v2\/product"}],"about":[{"href":"https:\/\/franceroutes.fr\/boutique\/wp-json\/wp\/v2\/types\/product"}],"wp:featuredmedia":[{"embeddable":true,"href":"https:\/\/franceroutes.fr\/boutique\/wp-json\/wp\/v2\/media\/449"}],"wp:attachment":[{"href":"https:\/\/franceroutes.fr\/boutique\/wp-json\/wp\/v2\/media?parent=447"}],"wp:term":[{"taxonomy":"product_brand","embeddable":true,"href":"https:\/\/franceroutes.fr\/boutique\/wp-json\/wp\/v2\/product_brand?post=447"},{"taxonomy":"product_cat","embeddable":true,"href":"https:\/\/franceroutes.fr\/boutique\/wp-json\/wp\/v2\/product_cat?post=447"},{"taxonomy":"product_tag","embeddable":true,"href":"https:\/\/franceroutes.fr\/boutique\/wp-json\/wp\/v2\/product_tag?post=447"}],"curies":[{"name":"wp","href":"https:\/\/api.w.org\/{rel}","templated":true}]}}