{"id":485,"date":"2026-03-13T18:26:21","date_gmt":"2026-03-13T17:26:21","guid":{"rendered":"https:\/\/franceroutes.fr\/boutique\/?post_type=product&#038;p=485"},"modified":"2026-03-13T18:36:20","modified_gmt":"2026-03-13T17:36:20","slug":"franceroutes-n-522","status":"publish","type":"product","link":"https:\/\/franceroutes.fr\/boutique\/produit\/magazines\/franceroutes-n-522\/","title":{"rendered":"FRANCE ROUTES N\u00b0 522"},"content":{"rendered":"<p><strong>A la une<\/strong> : Show truck : deux Scania Torpedo tuning, un youngtimer 143 H et un Vlastuin 660 ST, le summum chez Sadler !<\/p>\n<p><strong>Essais<\/strong> : Deux camions au gaz, deux philosophies, le Scania R 460 GNC et le Volvo FH 500 GNL<\/p>\n<p><strong>Constructeurs<\/strong> : Reportage au c\u0153ur du Centre d&rsquo;adaptation de Renault Trucks<\/p>\n<p><strong>Ce mois-ci<\/strong> : Les \u00e9lections municipales et leur impact sur la circulation des camions<\/p>\n<p><strong>R\u00e9tro<\/strong> : Ces mod\u00e8les de camions qui ont connu un revers de fortune<\/p>\n<p><strong>Etincelle<\/strong> : nouvelle rubrique consacr\u00e9e \u00e0 la passion du camion, avec Jean-Fran\u00e7ois Rouchet, entrepreneur dans le TP et collectionneur d&rsquo;anciens<\/p>\n<p><strong>Chrono<\/strong> : nouvelle rubrique consacr\u00e9e \u00e0 la r\u00e9glementation chronotachygraphe, en partenariat avec GuideduChrono.com ; d\u00e9passement des 10 h de conduite ; pause temps de service de 30 mn<\/p>\n<p>Et de nombreuses autres rubriques d\u00e9clin\u00e9es sur 84 Pages !<\/p>\n","protected":false},"excerpt":{"rendered":"<p>MARS-AVRIL 2026<\/p>\n","protected":false},"featured_media":487,"template":"","meta":[],"product_brand":[],"product_cat":[18],"product_tag":[],"class_list":{"0":"post-485","1":"product","2":"type-product","3":"status-publish","4":"has-post-thumbnail","6":"product_cat-magazines","8":"first","9":"instock","10":"shipping-taxable","11":"purchasable","12":"product-type-simple"},"yoast_head":"<!-- This site is optimized with the Yoast SEO plugin v27.4 - https:\/\/yoast.com\/product\/yoast-seo-wordpress\/ -->\n<title>FRANCE ROUTES N\u00b0 522 - Boutique France Routes<\/title>\n<meta name=\"description\" content=\"Dans France Routes 522, retrouvez le Show truck avec deux Scania Torpedo tuning, un youngtimer 143 H et un Vlastuin 660 ST, le summum chez Sadler !\" \/>\n<meta name=\"robots\" content=\"index, follow, max-snippet:-1, max-image-preview:large, max-video-preview:-1\" \/>\n<link rel=\"canonical\" href=\"https:\/\/franceroutes.fr\/boutique\/produit\/magazines\/franceroutes-n-522\/\" \/>\n<meta property=\"og:locale\" content=\"fr_FR\" \/>\n<meta property=\"og:type\" content=\"article\" \/>\n<meta property=\"og:title\" content=\"FRANCE ROUTES N\u00b0 522 - Boutique France Routes\" \/>\n<meta property=\"og:description\" content=\"Dans France Routes 522, retrouvez le Show truck avec deux Scania Torpedo tuning, un youngtimer 143 H et un Vlastuin 660 ST, le summum chez Sadler !\" \/>\n<meta property=\"og:url\" content=\"https:\/\/franceroutes.fr\/boutique\/produit\/magazines\/franceroutes-n-522\/\" \/>\n<meta property=\"og:site_name\" content=\"Boutique France Routes\" \/>\n<meta property=\"article:modified_time\" content=\"2026-03-13T17:36:20+00:00\" \/>\n<meta property=\"og:image\" content=\"https:\/\/franceroutes.fr\/boutique\/wp-content\/uploads\/2026\/03\/fr-522.jpg\" \/>\n\t<meta property=\"og:image:width\" content=\"649\" \/>\n\t<meta property=\"og:image:height\" content=\"876\" \/>\n\t<meta property=\"og:image:type\" content=\"image\/jpeg\" \/>\n<meta name=\"twitter:card\" content=\"summary_large_image\" \/>\n<meta name=\"twitter:label1\" content=\"Dur\u00e9e de lecture estim\u00e9e\" \/>\n\t<meta name=\"twitter:data1\" content=\"1 minute\" \/>\n<script type=\"application\/ld+json\" class=\"yoast-schema-graph\">{\"@context\":\"https:\\\/\\\/schema.org\",\"@graph\":[{\"@type\":\"WebPage\",\"@id\":\"https:\\\/\\\/franceroutes.fr\\\/boutique\\\/produit\\\/magazines\\\/franceroutes-n-522\\\/\",\"url\":\"https:\\\/\\\/franceroutes.fr\\\/boutique\\\/produit\\\/magazines\\\/franceroutes-n-522\\\/\",\"name\":\"FRANCE ROUTES N\u00b0 522 - Boutique France Routes\",\"isPartOf\":{\"@id\":\"https:\\\/\\\/franceroutes.fr\\\/boutique\\\/#website\"},\"primaryImageOfPage\":{\"@id\":\"https:\\\/\\\/franceroutes.fr\\\/boutique\\\/produit\\\/magazines\\\/franceroutes-n-522\\\/#primaryimage\"},\"image\":{\"@id\":\"https:\\\/\\\/franceroutes.fr\\\/boutique\\\/produit\\\/magazines\\\/franceroutes-n-522\\\/#primaryimage\"},\"thumbnailUrl\":\"https:\\\/\\\/franceroutes.fr\\\/boutique\\\/wp-content\\\/uploads\\\/2026\\\/03\\\/fr-522.jpg\",\"datePublished\":\"2026-03-13T17:26:21+00:00\",\"dateModified\":\"2026-03-13T17:36:20+00:00\",\"description\":\"Dans France Routes 522, retrouvez le Show truck avec deux Scania Torpedo tuning, un youngtimer 143 H et un Vlastuin 660 ST, le summum chez Sadler !\",\"breadcrumb\":{\"@id\":\"https:\\\/\\\/franceroutes.fr\\\/boutique\\\/produit\\\/magazines\\\/franceroutes-n-522\\\/#breadcrumb\"},\"inLanguage\":\"fr-FR\",\"potentialAction\":[{\"@type\":\"ReadAction\",\"target\":[\"https:\\\/\\\/franceroutes.fr\\\/boutique\\\/produit\\\/magazines\\\/franceroutes-n-522\\\/\"]}]},{\"@type\":\"ImageObject\",\"inLanguage\":\"fr-FR\",\"@id\":\"https:\\\/\\\/franceroutes.fr\\\/boutique\\\/produit\\\/magazines\\\/franceroutes-n-522\\\/#primaryimage\",\"url\":\"https:\\\/\\\/franceroutes.fr\\\/boutique\\\/wp-content\\\/uploads\\\/2026\\\/03\\\/fr-522.jpg\",\"contentUrl\":\"https:\\\/\\\/franceroutes.fr\\\/boutique\\\/wp-content\\\/uploads\\\/2026\\\/03\\\/fr-522.jpg\",\"width\":649,\"height\":876,\"caption\":\"France Routes 522\"},{\"@type\":\"BreadcrumbList\",\"@id\":\"https:\\\/\\\/franceroutes.fr\\\/boutique\\\/produit\\\/magazines\\\/franceroutes-n-522\\\/#breadcrumb\",\"itemListElement\":[{\"@type\":\"ListItem\",\"position\":1,\"name\":\"Accueil\",\"item\":\"https:\\\/\\\/franceroutes.fr\\\/boutique\\\/\"},{\"@type\":\"ListItem\",\"position\":2,\"name\":\"FRANCE ROUTES N\u00b0 522\"}]},{\"@type\":\"WebSite\",\"@id\":\"https:\\\/\\\/franceroutes.fr\\\/boutique\\\/#website\",\"url\":\"https:\\\/\\\/franceroutes.fr\\\/boutique\\\/\",\"name\":\"Boutique France Routes\",\"description\":\"\",\"publisher\":{\"@id\":\"https:\\\/\\\/franceroutes.fr\\\/boutique\\\/#organization\"},\"potentialAction\":[{\"@type\":\"SearchAction\",\"target\":{\"@type\":\"EntryPoint\",\"urlTemplate\":\"https:\\\/\\\/franceroutes.fr\\\/boutique\\\/?s={search_term_string}\"},\"query-input\":{\"@type\":\"PropertyValueSpecification\",\"valueRequired\":true,\"valueName\":\"search_term_string\"}}],\"inLanguage\":\"fr-FR\"},{\"@type\":\"Organization\",\"@id\":\"https:\\\/\\\/franceroutes.fr\\\/boutique\\\/#organization\",\"name\":\"Boutique France Routes\",\"url\":\"https:\\\/\\\/franceroutes.fr\\\/boutique\\\/\",\"logo\":{\"@type\":\"ImageObject\",\"inLanguage\":\"fr-FR\",\"@id\":\"https:\\\/\\\/franceroutes.fr\\\/boutique\\\/#\\\/schema\\\/logo\\\/image\\\/\",\"url\":\"https:\\\/\\\/franceroutes.fr\\\/boutique\\\/wp-content\\\/uploads\\\/2025\\\/11\\\/logo-franceroutes.png\",\"contentUrl\":\"https:\\\/\\\/franceroutes.fr\\\/boutique\\\/wp-content\\\/uploads\\\/2025\\\/11\\\/logo-franceroutes.png\",\"width\":1032,\"height\":303,\"caption\":\"Boutique France Routes\"},\"image\":{\"@id\":\"https:\\\/\\\/franceroutes.fr\\\/boutique\\\/#\\\/schema\\\/logo\\\/image\\\/\"}}]}<\/script>\n<!-- \/ Yoast SEO plugin. -->","yoast_head_json":{"title":"FRANCE ROUTES N\u00b0 522 - Boutique France Routes","description":"Dans France Routes 522, retrouvez le Show truck avec deux Scania Torpedo tuning, un youngtimer 143 H et un Vlastuin 660 ST, le summum chez Sadler !","robots":{"index":"index","follow":"follow","max-snippet":"max-snippet:-1","max-image-preview":"max-image-preview:large","max-video-preview":"max-video-preview:-1"},"canonical":"https:\/\/franceroutes.fr\/boutique\/produit\/magazines\/franceroutes-n-522\/","og_locale":"fr_FR","og_type":"article","og_title":"FRANCE ROUTES N\u00b0 522 - Boutique France Routes","og_description":"Dans France Routes 522, retrouvez le Show truck avec deux Scania Torpedo tuning, un youngtimer 143 H et un Vlastuin 660 ST, le summum chez Sadler !","og_url":"https:\/\/franceroutes.fr\/boutique\/produit\/magazines\/franceroutes-n-522\/","og_site_name":"Boutique France Routes","article_modified_time":"2026-03-13T17:36:20+00:00","og_image":[{"width":649,"height":876,"url":"https:\/\/franceroutes.fr\/boutique\/wp-content\/uploads\/2026\/03\/fr-522.jpg","type":"image\/jpeg"}],"twitter_card":"summary_large_image","twitter_misc":{"Dur\u00e9e de lecture estim\u00e9e":"1 minute"},"schema":{"@context":"https:\/\/schema.org","@graph":[{"@type":"WebPage","@id":"https:\/\/franceroutes.fr\/boutique\/produit\/magazines\/franceroutes-n-522\/","url":"https:\/\/franceroutes.fr\/boutique\/produit\/magazines\/franceroutes-n-522\/","name":"FRANCE ROUTES N\u00b0 522 - Boutique France Routes","isPartOf":{"@id":"https:\/\/franceroutes.fr\/boutique\/#website"},"primaryImageOfPage":{"@id":"https:\/\/franceroutes.fr\/boutique\/produit\/magazines\/franceroutes-n-522\/#primaryimage"},"image":{"@id":"https:\/\/franceroutes.fr\/boutique\/produit\/magazines\/franceroutes-n-522\/#primaryimage"},"thumbnailUrl":"https:\/\/franceroutes.fr\/boutique\/wp-content\/uploads\/2026\/03\/fr-522.jpg","datePublished":"2026-03-13T17:26:21+00:00","dateModified":"2026-03-13T17:36:20+00:00","description":"Dans France Routes 522, retrouvez le Show truck avec deux Scania Torpedo tuning, un youngtimer 143 H et un Vlastuin 660 ST, le summum chez Sadler !","breadcrumb":{"@id":"https:\/\/franceroutes.fr\/boutique\/produit\/magazines\/franceroutes-n-522\/#breadcrumb"},"inLanguage":"fr-FR","potentialAction":[{"@type":"ReadAction","target":["https:\/\/franceroutes.fr\/boutique\/produit\/magazines\/franceroutes-n-522\/"]}]},{"@type":"ImageObject","inLanguage":"fr-FR","@id":"https:\/\/franceroutes.fr\/boutique\/produit\/magazines\/franceroutes-n-522\/#primaryimage","url":"https:\/\/franceroutes.fr\/boutique\/wp-content\/uploads\/2026\/03\/fr-522.jpg","contentUrl":"https:\/\/franceroutes.fr\/boutique\/wp-content\/uploads\/2026\/03\/fr-522.jpg","width":649,"height":876,"caption":"France Routes 522"},{"@type":"BreadcrumbList","@id":"https:\/\/franceroutes.fr\/boutique\/produit\/magazines\/franceroutes-n-522\/#breadcrumb","itemListElement":[{"@type":"ListItem","position":1,"name":"Accueil","item":"https:\/\/franceroutes.fr\/boutique\/"},{"@type":"ListItem","position":2,"name":"FRANCE ROUTES N\u00b0 522"}]},{"@type":"WebSite","@id":"https:\/\/franceroutes.fr\/boutique\/#website","url":"https:\/\/franceroutes.fr\/boutique\/","name":"Boutique France Routes","description":"","publisher":{"@id":"https:\/\/franceroutes.fr\/boutique\/#organization"},"potentialAction":[{"@type":"SearchAction","target":{"@type":"EntryPoint","urlTemplate":"https:\/\/franceroutes.fr\/boutique\/?s={search_term_string}"},"query-input":{"@type":"PropertyValueSpecification","valueRequired":true,"valueName":"search_term_string"}}],"inLanguage":"fr-FR"},{"@type":"Organization","@id":"https:\/\/franceroutes.fr\/boutique\/#organization","name":"Boutique France Routes","url":"https:\/\/franceroutes.fr\/boutique\/","logo":{"@type":"ImageObject","inLanguage":"fr-FR","@id":"https:\/\/franceroutes.fr\/boutique\/#\/schema\/logo\/image\/","url":"https:\/\/franceroutes.fr\/boutique\/wp-content\/uploads\/2025\/11\/logo-franceroutes.png","contentUrl":"https:\/\/franceroutes.fr\/boutique\/wp-content\/uploads\/2025\/11\/logo-franceroutes.png","width":1032,"height":303,"caption":"Boutique France Routes"},"image":{"@id":"https:\/\/franceroutes.fr\/boutique\/#\/schema\/logo\/image\/"}}]}},"_links":{"self":[{"href":"https:\/\/franceroutes.fr\/boutique\/wp-json\/wp\/v2\/product\/485","targetHints":{"allow":["GET"]}}],"collection":[{"href":"https:\/\/franceroutes.fr\/boutique\/wp-json\/wp\/v2\/product"}],"about":[{"href":"https:\/\/franceroutes.fr\/boutique\/wp-json\/wp\/v2\/types\/product"}],"wp:featuredmedia":[{"embeddable":true,"href":"https:\/\/franceroutes.fr\/boutique\/wp-json\/wp\/v2\/media\/487"}],"wp:attachment":[{"href":"https:\/\/franceroutes.fr\/boutique\/wp-json\/wp\/v2\/media?parent=485"}],"wp:term":[{"taxonomy":"product_brand","embeddable":true,"href":"https:\/\/franceroutes.fr\/boutique\/wp-json\/wp\/v2\/product_brand?post=485"},{"taxonomy":"product_cat","embeddable":true,"href":"https:\/\/franceroutes.fr\/boutique\/wp-json\/wp\/v2\/product_cat?post=485"},{"taxonomy":"product_tag","embeddable":true,"href":"https:\/\/franceroutes.fr\/boutique\/wp-json\/wp\/v2\/product_tag?post=485"}],"curies":[{"name":"wp","href":"https:\/\/api.w.org\/{rel}","templated":true}]}}