{"id":566,"date":"2026-05-07T09:23:27","date_gmt":"2026-05-07T07:23:27","guid":{"rendered":"https:\/\/franceroutes.fr\/boutique\/?post_type=product&#038;p=566"},"modified":"2026-05-07T09:23:27","modified_gmt":"2026-05-07T07:23:27","slug":"france-routes-n-523","status":"publish","type":"product","link":"https:\/\/franceroutes.fr\/boutique\/produit\/magazines\/france-routes-n-523\/","title":{"rendered":"FRANCE ROUTES N\u00b0 523"},"content":{"rendered":"<p><strong>A la une, Essai :\u00a0<\/strong>d\u00e9couvrez les caract\u00e9ristiques de l&rsquo;Iveco S-Way 500 \u00e9quip\u00e9 du nouveau moteur XCursor 13 en version diesel, dont la consommation de carburant.<\/p>\n<p><strong>Dossier\u00a0:\u00a0<\/strong>Le camion d&rsquo;occasion \u00e9volue, avec des \u00e9ditions de prestige en VO et le financement par la location longue dur\u00e9e.<\/p>\n<p><strong>D\u00e9couverte :\u00a0<\/strong>Le nouveau camion am\u00e9ricain Kenworth C580.<\/p>\n<p><strong>Ce mois-ci :<\/strong>\u00a0Retour sur la crise des carburants, la mobilisation des transporteurs et les aides \u00e0 l&rsquo;acquisition des camions \u00e9lectriques.<\/p>\n<p><strong>Etincelle :\u00a0<\/strong>Guillaume Gerbault, conducteur routier la nuit, dessinateur le jour.<\/p>\n<p><strong>Show truck :<\/strong>\u00a0Un Volvo FH13 6&#215;2 sur Batman pour la fille de l&rsquo;Ecossais John Templeton.<\/p>\n<p><strong>R\u00e9tro : L<\/strong>es camions \u00e0 cabine avanc\u00e9e de la marque am\u00e9ricaine International.<\/p>\n<p><strong>Les Minis :\u00a0<\/strong>Compte rendu en photos de l&rsquo;expo internationale de maquettes de Jabbeke.<\/p>\n<p>Et plusieurs autres rubriques d\u00e9clin\u00e9es sur 84 Pages !<\/p>\n","protected":false},"excerpt":{"rendered":"<p>MAI-JUIN 2026<\/p>\n","protected":false},"featured_media":567,"template":"","meta":[],"product_brand":[],"product_cat":[18],"product_tag":[],"class_list":{"0":"post-566","1":"product","2":"type-product","3":"status-publish","4":"has-post-thumbnail","6":"product_cat-magazines","8":"first","9":"instock","10":"shipping-taxable","11":"purchasable","12":"product-type-simple"},"yoast_head":"<!-- This site is optimized with the Yoast SEO plugin v27.5 - https:\/\/yoast.com\/product\/yoast-seo-wordpress\/ -->\n<title>FRANCE ROUTES N\u00b0 523 - Boutique France Routes<\/title>\n<meta name=\"description\" content=\"Dans France Routes 522, retrouvez l&#039;Iveco S-Way 500 moteur XCursor 13 diesel et le Kenworth C580. Crise des carburants : la mobilisation des transporteurs.\" \/>\n<meta name=\"robots\" content=\"index, follow, max-snippet:-1, max-image-preview:large, max-video-preview:-1\" \/>\n<link rel=\"canonical\" href=\"https:\/\/franceroutes.fr\/boutique\/produit\/magazines\/france-routes-n-523\/\" \/>\n<meta property=\"og:locale\" content=\"fr_FR\" \/>\n<meta property=\"og:type\" content=\"article\" \/>\n<meta property=\"og:title\" content=\"FRANCE ROUTES N\u00b0 523 - Boutique France Routes\" \/>\n<meta property=\"og:description\" content=\"Dans France Routes 522, retrouvez l&#039;Iveco S-Way 500 moteur XCursor 13 diesel et le Kenworth C580. Crise des carburants : la mobilisation des transporteurs.\" \/>\n<meta property=\"og:url\" content=\"https:\/\/franceroutes.fr\/boutique\/produit\/magazines\/france-routes-n-523\/\" \/>\n<meta property=\"og:site_name\" content=\"Boutique France Routes\" \/>\n<meta property=\"og:image\" content=\"https:\/\/franceroutes.fr\/boutique\/wp-content\/uploads\/2026\/04\/fr-523.jpg\" \/>\n\t<meta property=\"og:image:width\" content=\"600\" \/>\n\t<meta property=\"og:image:height\" content=\"848\" \/>\n\t<meta property=\"og:image:type\" content=\"image\/jpeg\" \/>\n<meta name=\"twitter:card\" content=\"summary_large_image\" \/>\n<meta name=\"twitter:label1\" content=\"Dur\u00e9e de lecture estim\u00e9e\" \/>\n\t<meta name=\"twitter:data1\" content=\"1 minute\" \/>\n<script type=\"application\/ld+json\" class=\"yoast-schema-graph\">{\"@context\":\"https:\\\/\\\/schema.org\",\"@graph\":[{\"@type\":\"WebPage\",\"@id\":\"https:\\\/\\\/franceroutes.fr\\\/boutique\\\/produit\\\/magazines\\\/france-routes-n-523\\\/\",\"url\":\"https:\\\/\\\/franceroutes.fr\\\/boutique\\\/produit\\\/magazines\\\/france-routes-n-523\\\/\",\"name\":\"FRANCE ROUTES N\u00b0 523 - Boutique France Routes\",\"isPartOf\":{\"@id\":\"https:\\\/\\\/franceroutes.fr\\\/boutique\\\/#website\"},\"primaryImageOfPage\":{\"@id\":\"https:\\\/\\\/franceroutes.fr\\\/boutique\\\/produit\\\/magazines\\\/france-routes-n-523\\\/#primaryimage\"},\"image\":{\"@id\":\"https:\\\/\\\/franceroutes.fr\\\/boutique\\\/produit\\\/magazines\\\/france-routes-n-523\\\/#primaryimage\"},\"thumbnailUrl\":\"https:\\\/\\\/franceroutes.fr\\\/boutique\\\/wp-content\\\/uploads\\\/2026\\\/04\\\/fr-523.jpg\",\"datePublished\":\"2026-05-07T07:23:27+00:00\",\"description\":\"Dans France Routes 522, retrouvez l'Iveco S-Way 500 moteur XCursor 13 diesel et le Kenworth C580. Crise des carburants : la mobilisation des transporteurs.\",\"breadcrumb\":{\"@id\":\"https:\\\/\\\/franceroutes.fr\\\/boutique\\\/produit\\\/magazines\\\/france-routes-n-523\\\/#breadcrumb\"},\"inLanguage\":\"fr-FR\",\"potentialAction\":[{\"@type\":\"ReadAction\",\"target\":[\"https:\\\/\\\/franceroutes.fr\\\/boutique\\\/produit\\\/magazines\\\/france-routes-n-523\\\/\"]}]},{\"@type\":\"ImageObject\",\"inLanguage\":\"fr-FR\",\"@id\":\"https:\\\/\\\/franceroutes.fr\\\/boutique\\\/produit\\\/magazines\\\/france-routes-n-523\\\/#primaryimage\",\"url\":\"https:\\\/\\\/franceroutes.fr\\\/boutique\\\/wp-content\\\/uploads\\\/2026\\\/04\\\/fr-523.jpg\",\"contentUrl\":\"https:\\\/\\\/franceroutes.fr\\\/boutique\\\/wp-content\\\/uploads\\\/2026\\\/04\\\/fr-523.jpg\",\"width\":600,\"height\":848,\"caption\":\"France Routes 523\"},{\"@type\":\"BreadcrumbList\",\"@id\":\"https:\\\/\\\/franceroutes.fr\\\/boutique\\\/produit\\\/magazines\\\/france-routes-n-523\\\/#breadcrumb\",\"itemListElement\":[{\"@type\":\"ListItem\",\"position\":1,\"name\":\"Accueil\",\"item\":\"https:\\\/\\\/franceroutes.fr\\\/boutique\\\/\"},{\"@type\":\"ListItem\",\"position\":2,\"name\":\"FRANCE ROUTES N\u00b0 523\"}]},{\"@type\":\"WebSite\",\"@id\":\"https:\\\/\\\/franceroutes.fr\\\/boutique\\\/#website\",\"url\":\"https:\\\/\\\/franceroutes.fr\\\/boutique\\\/\",\"name\":\"Boutique France Routes\",\"description\":\"\",\"publisher\":{\"@id\":\"https:\\\/\\\/franceroutes.fr\\\/boutique\\\/#organization\"},\"potentialAction\":[{\"@type\":\"SearchAction\",\"target\":{\"@type\":\"EntryPoint\",\"urlTemplate\":\"https:\\\/\\\/franceroutes.fr\\\/boutique\\\/?s={search_term_string}\"},\"query-input\":{\"@type\":\"PropertyValueSpecification\",\"valueRequired\":true,\"valueName\":\"search_term_string\"}}],\"inLanguage\":\"fr-FR\"},{\"@type\":\"Organization\",\"@id\":\"https:\\\/\\\/franceroutes.fr\\\/boutique\\\/#organization\",\"name\":\"Boutique France Routes\",\"url\":\"https:\\\/\\\/franceroutes.fr\\\/boutique\\\/\",\"logo\":{\"@type\":\"ImageObject\",\"inLanguage\":\"fr-FR\",\"@id\":\"https:\\\/\\\/franceroutes.fr\\\/boutique\\\/#\\\/schema\\\/logo\\\/image\\\/\",\"url\":\"https:\\\/\\\/franceroutes.fr\\\/boutique\\\/wp-content\\\/uploads\\\/2025\\\/11\\\/logo-franceroutes.png\",\"contentUrl\":\"https:\\\/\\\/franceroutes.fr\\\/boutique\\\/wp-content\\\/uploads\\\/2025\\\/11\\\/logo-franceroutes.png\",\"width\":1032,\"height\":303,\"caption\":\"Boutique France Routes\"},\"image\":{\"@id\":\"https:\\\/\\\/franceroutes.fr\\\/boutique\\\/#\\\/schema\\\/logo\\\/image\\\/\"}}]}<\/script>\n<!-- \/ Yoast SEO plugin. -->","yoast_head_json":{"title":"FRANCE ROUTES N\u00b0 523 - Boutique France Routes","description":"Dans France Routes 522, retrouvez l'Iveco S-Way 500 moteur XCursor 13 diesel et le Kenworth C580. Crise des carburants : la mobilisation des transporteurs.","robots":{"index":"index","follow":"follow","max-snippet":"max-snippet:-1","max-image-preview":"max-image-preview:large","max-video-preview":"max-video-preview:-1"},"canonical":"https:\/\/franceroutes.fr\/boutique\/produit\/magazines\/france-routes-n-523\/","og_locale":"fr_FR","og_type":"article","og_title":"FRANCE ROUTES N\u00b0 523 - Boutique France Routes","og_description":"Dans France Routes 522, retrouvez l'Iveco S-Way 500 moteur XCursor 13 diesel et le Kenworth C580. Crise des carburants : la mobilisation des transporteurs.","og_url":"https:\/\/franceroutes.fr\/boutique\/produit\/magazines\/france-routes-n-523\/","og_site_name":"Boutique France Routes","og_image":[{"width":600,"height":848,"url":"https:\/\/franceroutes.fr\/boutique\/wp-content\/uploads\/2026\/04\/fr-523.jpg","type":"image\/jpeg"}],"twitter_card":"summary_large_image","twitter_misc":{"Dur\u00e9e de lecture estim\u00e9e":"1 minute"},"schema":{"@context":"https:\/\/schema.org","@graph":[{"@type":"WebPage","@id":"https:\/\/franceroutes.fr\/boutique\/produit\/magazines\/france-routes-n-523\/","url":"https:\/\/franceroutes.fr\/boutique\/produit\/magazines\/france-routes-n-523\/","name":"FRANCE ROUTES N\u00b0 523 - Boutique France Routes","isPartOf":{"@id":"https:\/\/franceroutes.fr\/boutique\/#website"},"primaryImageOfPage":{"@id":"https:\/\/franceroutes.fr\/boutique\/produit\/magazines\/france-routes-n-523\/#primaryimage"},"image":{"@id":"https:\/\/franceroutes.fr\/boutique\/produit\/magazines\/france-routes-n-523\/#primaryimage"},"thumbnailUrl":"https:\/\/franceroutes.fr\/boutique\/wp-content\/uploads\/2026\/04\/fr-523.jpg","datePublished":"2026-05-07T07:23:27+00:00","description":"Dans France Routes 522, retrouvez l'Iveco S-Way 500 moteur XCursor 13 diesel et le Kenworth C580. Crise des carburants : la mobilisation des transporteurs.","breadcrumb":{"@id":"https:\/\/franceroutes.fr\/boutique\/produit\/magazines\/france-routes-n-523\/#breadcrumb"},"inLanguage":"fr-FR","potentialAction":[{"@type":"ReadAction","target":["https:\/\/franceroutes.fr\/boutique\/produit\/magazines\/france-routes-n-523\/"]}]},{"@type":"ImageObject","inLanguage":"fr-FR","@id":"https:\/\/franceroutes.fr\/boutique\/produit\/magazines\/france-routes-n-523\/#primaryimage","url":"https:\/\/franceroutes.fr\/boutique\/wp-content\/uploads\/2026\/04\/fr-523.jpg","contentUrl":"https:\/\/franceroutes.fr\/boutique\/wp-content\/uploads\/2026\/04\/fr-523.jpg","width":600,"height":848,"caption":"France Routes 523"},{"@type":"BreadcrumbList","@id":"https:\/\/franceroutes.fr\/boutique\/produit\/magazines\/france-routes-n-523\/#breadcrumb","itemListElement":[{"@type":"ListItem","position":1,"name":"Accueil","item":"https:\/\/franceroutes.fr\/boutique\/"},{"@type":"ListItem","position":2,"name":"FRANCE ROUTES N\u00b0 523"}]},{"@type":"WebSite","@id":"https:\/\/franceroutes.fr\/boutique\/#website","url":"https:\/\/franceroutes.fr\/boutique\/","name":"Boutique France Routes","description":"","publisher":{"@id":"https:\/\/franceroutes.fr\/boutique\/#organization"},"potentialAction":[{"@type":"SearchAction","target":{"@type":"EntryPoint","urlTemplate":"https:\/\/franceroutes.fr\/boutique\/?s={search_term_string}"},"query-input":{"@type":"PropertyValueSpecification","valueRequired":true,"valueName":"search_term_string"}}],"inLanguage":"fr-FR"},{"@type":"Organization","@id":"https:\/\/franceroutes.fr\/boutique\/#organization","name":"Boutique France Routes","url":"https:\/\/franceroutes.fr\/boutique\/","logo":{"@type":"ImageObject","inLanguage":"fr-FR","@id":"https:\/\/franceroutes.fr\/boutique\/#\/schema\/logo\/image\/","url":"https:\/\/franceroutes.fr\/boutique\/wp-content\/uploads\/2025\/11\/logo-franceroutes.png","contentUrl":"https:\/\/franceroutes.fr\/boutique\/wp-content\/uploads\/2025\/11\/logo-franceroutes.png","width":1032,"height":303,"caption":"Boutique France Routes"},"image":{"@id":"https:\/\/franceroutes.fr\/boutique\/#\/schema\/logo\/image\/"}}]}},"_links":{"self":[{"href":"https:\/\/franceroutes.fr\/boutique\/wp-json\/wp\/v2\/product\/566","targetHints":{"allow":["GET"]}}],"collection":[{"href":"https:\/\/franceroutes.fr\/boutique\/wp-json\/wp\/v2\/product"}],"about":[{"href":"https:\/\/franceroutes.fr\/boutique\/wp-json\/wp\/v2\/types\/product"}],"wp:featuredmedia":[{"embeddable":true,"href":"https:\/\/franceroutes.fr\/boutique\/wp-json\/wp\/v2\/media\/567"}],"wp:attachment":[{"href":"https:\/\/franceroutes.fr\/boutique\/wp-json\/wp\/v2\/media?parent=566"}],"wp:term":[{"taxonomy":"product_brand","embeddable":true,"href":"https:\/\/franceroutes.fr\/boutique\/wp-json\/wp\/v2\/product_brand?post=566"},{"taxonomy":"product_cat","embeddable":true,"href":"https:\/\/franceroutes.fr\/boutique\/wp-json\/wp\/v2\/product_cat?post=566"},{"taxonomy":"product_tag","embeddable":true,"href":"https:\/\/franceroutes.fr\/boutique\/wp-json\/wp\/v2\/product_tag?post=566"}],"curies":[{"name":"wp","href":"https:\/\/api.w.org\/{rel}","templated":true}]}}